{"id":75093,"date":"2011-07-08T19:04:50","date_gmt":"2011-07-08T19:04:50","guid":{"rendered":"https:\/\/abordage.com\/shop\/non class\u00e9\/nuage-volant-1851\/"},"modified":"2026-02-01T18:05:43","modified_gmt":"2026-02-01T22:05:43","slug":"nuage-volant-1851","status":"publish","type":"product","link":"https:\/\/abordage.com\/fr\/shop\/boutique\/demi-coques-et-demi-maquettes\/demi-modeles\/nuage-volant-1851\/","title":{"rendered":"Nuage volant 1851"},"content":{"rendered":"<p>Le <strong>Flying Cloud <\/strong>\u00e9tait un clipper qui a \u00e9tabli le record mondial du passage le plus rapide entre New York et San Francisco, en 89 jours et 8 heures. Il a d\u00e9tenu ce record pendant plus de 100 ans, de 1854 \u00e0 1989. <\/p>\n<p>Le Flying Cloud est le plus c\u00e9l\u00e8bre des clippers construits par Donald McKay. Il est connu pour sa course extr\u00eamement serr\u00e9e avec le Hornet en 1853, pour avoir eu une femme comme navigatrice, Eleanor Creesy, \u00e9pouse de Josiah Perkins Creesy, qui a skipp\u00e9 le Flying Cloud lors de deux voyages record de New York \u00e0 San Francisco, et pour avoir navigu\u00e9 en Australie et dans le commerce du bois. <\/p>\n<p>Ce demi-mod\u00e8le de planche arri\u00e8re mesure 84 cm x 22 cm.<\/p>\n<p>Tir\u00e9 de Wikip\u00e9dia<\/p>\n","protected":false},"excerpt":{"rendered":"<p>Le<strong> Flying Cloud<\/strong> \u00e9tait un clipper qui a \u00e9tabli le record du monde du passage le plus rapide entre New York et San Francisco, en 89 jours et 8 heures. Il a d\u00e9tenu ce record pendant plus de 100 ans, de 1854 \u00e0 1989. <\/p>\n<p>  Commandez en ligne, livraison dans le monde entier.<\/p>\n","protected":false},"featured_media":13209,"comment_status":"open","ping_status":"closed","template":"","meta":{"site-sidebar-layout":"default","site-content-layout":"","ast-site-content-layout":"default","site-content-style":"default","site-sidebar-style":"default","ast-global-header-display":"","ast-banner-title-visibility":"","ast-main-header-display":"","ast-hfb-above-header-display":"","ast-hfb-below-header-display":"","ast-hfb-mobile-header-display":"","site-post-title":"","ast-breadcrumbs-content":"","ast-featured-img":"","footer-sml-layout":"","theme-transparent-header-meta":"","adv-header-id-meta":"","stick-header-meta":"","header-above-stick-meta":"","header-main-stick-meta":"","header-below-stick-meta":"","astra-migrate-meta-layouts":"default","ast-page-background-enabled":"default","ast-page-background-meta":{"desktop":{"background-color":"var(--ast-global-color-5)","background-image":"","background-repeat":"repeat","background-position":"center center","background-size":"auto","background-attachment":"scroll","background-type":"","background-media":"","overlay-type":"","overlay-color":"","overlay-opacity":"","overlay-gradient":""},"tablet":{"background-color":"","background-image":"","background-repeat":"repeat","background-position":"center center","background-size":"auto","background-attachment":"scroll","background-type":"","background-media":"","overlay-type":"","overlay-color":"","overlay-opacity":"","overlay-gradient":""},"mobile":{"background-color":"","background-image":"","background-repeat":"repeat","background-position":"center center","background-size":"auto","background-attachment":"scroll","background-type":"","background-media":"","overlay-type":"","overlay-color":"","overlay-opacity":"","overlay-gradient":""}},"ast-content-background-meta":{"desktop":{"background-color":"var(--ast-global-color-4)","background-image":"","background-repeat":"repeat","background-position":"center center","background-size":"auto","background-attachment":"scroll","background-type":"","background-media":"","overlay-type":"","overlay-color":"","overlay-opacity":"","overlay-gradient":""},"tablet":{"background-color":"var(--ast-global-color-4)","background-image":"","background-repeat":"repeat","background-position":"center center","background-size":"auto","background-attachment":"scroll","background-type":"","background-media":"","overlay-type":"","overlay-color":"","overlay-opacity":"","overlay-gradient":""},"mobile":{"background-color":"var(--ast-global-color-4)","background-image":"","background-repeat":"repeat","background-position":"center center","background-size":"auto","background-attachment":"scroll","background-type":"","background-media":"","overlay-type":"","overlay-color":"","overlay-opacity":"","overlay-gradient":""}}},"product_brand":[],"product_cat":[10346],"product_tag":[10379,10576],"class_list":{"0":"post-75093","1":"product","2":"type-product","3":"status-publish","4":"has-post-thumbnail","6":"product_cat-demi-modeles","7":"product_tag-boutique","8":"product_tag-decouvrez-notre-demi-modele-artisanal-du-nuage-volant-realise-en-2010-pour-un-modele-de-clippeur-passionne-nous-sommes-tres-fiers-de-cette-reconstitution-du-nuage-volant","9":"desktop-align-center","10":"tablet-align-left","11":"mobile-align-left","12":"ast-product-gallery-layout-horizontal-slider","13":"ast-magnify-disabled","14":"ast-product-tabs-layout-accordion","15":"ast-qv-on-image","17":"first","18":"instock","19":"shipping-taxable","20":"purchasable","21":"product-type-simple"},"_links":{"self":[{"href":"https:\/\/abordage.com\/fr\/wp-json\/wp\/v2\/product\/75093","targetHints":{"allow":["GET"]}}],"collection":[{"href":"https:\/\/abordage.com\/fr\/wp-json\/wp\/v2\/product"}],"about":[{"href":"https:\/\/abordage.com\/fr\/wp-json\/wp\/v2\/types\/product"}],"replies":[{"embeddable":true,"href":"https:\/\/abordage.com\/fr\/wp-json\/wp\/v2\/comments?post=75093"}],"version-history":[{"count":0,"href":"https:\/\/abordage.com\/fr\/wp-json\/wp\/v2\/product\/75093\/revisions"}],"wp:featuredmedia":[{"embeddable":true,"href":"https:\/\/abordage.com\/fr\/wp-json\/wp\/v2\/media\/13209"}],"wp:attachment":[{"href":"https:\/\/abordage.com\/fr\/wp-json\/wp\/v2\/media?parent=75093"}],"wp:term":[{"taxonomy":"product_brand","embeddable":true,"href":"https:\/\/abordage.com\/fr\/wp-json\/wp\/v2\/product_brand?post=75093"},{"taxonomy":"product_cat","embeddable":true,"href":"https:\/\/abordage.com\/fr\/wp-json\/wp\/v2\/product_cat?post=75093"},{"taxonomy":"product_tag","embeddable":true,"href":"https:\/\/abordage.com\/fr\/wp-json\/wp\/v2\/product_tag?post=75093"}],"curies":[{"name":"wp","href":"https:\/\/api.w.org\/{rel}","templated":true}]}}