{"id":75098,"date":"2014-02-10T22:16:56","date_gmt":"2014-02-10T22:16:56","guid":{"rendered":"https:\/\/abordage.com\/shop\/non class\u00e9\/uss-constitution-1797\/"},"modified":"2014-02-10T22:16:56","modified_gmt":"2014-02-11T02:16:56","slug":"uss-constitution-1797","status":"publish","type":"product","link":"https:\/\/abordage.com\/fr\/shop\/boutique\/demi-coques-et-demi-maquettes\/demi-modeles\/uss-constitution-1797\/","title":{"rendered":"USS Constitution 1797"},"content":{"rendered":"<p>  Extrait de Wikip\u00e9dia.<\/p>\n<p>L&rsquo;USS Constitution est une fr\u00e9gate lourde \u00e0 trois m\u00e2ts \u00e0 coque en bois de la marine am\u00e9ricaine. Nomm\u00e9e par le pr\u00e9sident George Washington d&rsquo;apr\u00e8s la Constitution des \u00c9tats-Unis d&rsquo;Am\u00e9rique, elle est le plus ancien navire de guerre en service au monde. Lanc\u00e9e en 1797, la Constitution \u00e9tait l&rsquo;une des six fr\u00e9gates originales dont la construction avait \u00e9t\u00e9 autoris\u00e9e par le Naval Act de 1794 et la troisi\u00e8me construite. Joshua Humphreys a con\u00e7u les fr\u00e9gates pour qu&rsquo;elles deviennent les navires capitaux de la jeune marine. La Constitution et ses s\u0153urs \u00e9taient donc plus grandes et plus lourdement arm\u00e9es et construites que les fr\u00e9gates standard de l&rsquo;\u00e9poque. Construites \u00e0 Boston, dans le Massachusetts, sur le chantier naval d&rsquo;Edmund Hartt, ses premi\u00e8res fonctions au sein de la marine am\u00e9ricaine nouvellement form\u00e9e ont \u00e9t\u00e9 d&rsquo;assurer la protection des navires marchands am\u00e9ricains pendant la quasi-guerre avec la France et de vaincre les pirates de Barbarie lors de la premi\u00e8re guerre de Barbarie.    <\/p>\n<p>Le Constitution est surtout connu pour ses actions pendant la guerre de 1812 contre la Grande-Bretagne, lorsqu&rsquo;il a captur\u00e9 de nombreux navires marchands et vaincu cinq navires de guerre britanniques : HMS Guerriere, Java, Pictou, Cyane et Levant. La bataille contre Guerriere lui a valu le surnom de \u00ab\u00a0Old Ironsides\u00a0\u00bb et l&rsquo;adoration du public, qui l&rsquo;a sauv\u00e9 \u00e0 plusieurs reprises de la d\u00e9molition. Il a continu\u00e9 \u00e0 servir de navire amiral dans les escadres de M\u00e9diterran\u00e9e et d&rsquo;Afrique, et a fait le tour du monde dans les ann\u00e9es 1840. Pendant la guerre de S\u00e9cession, il a servi de navire-\u00e9cole pour l&rsquo;Acad\u00e9mie navale des \u00c9tats-Unis. Il a transport\u00e9 des \u0153uvres d&rsquo;art et des expositions industrielles am\u00e9ricaines \u00e0 l&rsquo;Exposition de Paris de 1878.    <\/p>\n<p>Retir\u00e9e du service actif en 1881, la Constitution a servi de navire de r\u00e9ception jusqu&rsquo;\u00e0 ce qu&rsquo;elle soit d\u00e9sign\u00e9e comme navire-mus\u00e9e en 1907. En 1934, il a effectu\u00e9 une tourn\u00e9e de trois ans dans 90 ports \u00e0 travers le pays. La Constitution a navigu\u00e9 par ses propres moyens pour son 200e anniversaire en 1997, et \u00e0 nouveau en ao\u00fbt 2012, pour comm\u00e9morer le 200e anniversaire de sa victoire sur le Guerrier.  <\/p>\n<p>Aujourd&rsquo;hui, la mission d\u00e9clar\u00e9e du Constitution est de promouvoir la compr\u00e9hension du r\u00f4le de la marine en temps de guerre et de paix par le biais d&rsquo;activit\u00e9s \u00e9ducatives, de d\u00e9monstrations historiques et d&rsquo;une participation active \u00e0 des \u00e9v\u00e9nements publics. En tant que navire de la marine am\u00e9ricaine, son \u00e9quipage de 60 officiers et marins participe aux c\u00e9r\u00e9monies, aux programmes \u00e9ducatifs et aux \u00e9v\u00e9nements sp\u00e9ciaux, tout en gardant le navire ouvert aux visiteurs tout au long de l&rsquo;ann\u00e9e et en proposant des visites gratuites. Les officiers et l&rsquo;\u00e9quipage sont tous des membres actifs de la marine am\u00e9ricaine et leur affectation est consid\u00e9r\u00e9e comme un service sp\u00e9cial dans la marine. Traditionnellement, le commandement du navire est confi\u00e9 \u00e0 un commandant de la marine. Le Constitution est amarr\u00e9 au Pier 1 de l&rsquo;ancien Charlestown Navy Yard, \u00e0 l&rsquo;une des extr\u00e9mit\u00e9s du Freedom Trail de Boston.    <\/p>\n","protected":false},"excerpt":{"rendered":"<p>Voyez cette demi-maquette d\u00e9taill\u00e9e du pont de l&rsquo;USS Constitution.<\/p>\n<p>Taille de la coque : 25.5&Prime; L x 6.5&Prime; H<\/p>\n<p>Taille de la base en bois : 28&Prime; L x 9&Prime; H<\/p><\/p>\n","protected":false},"featured_media":13380,"comment_status":"open","ping_status":"closed","template":"","meta":{"site-sidebar-layout":"default","site-content-layout":"","ast-site-content-layout":"default","site-content-style":"default","site-sidebar-style":"default","ast-global-header-display":"","ast-banner-title-visibility":"","ast-main-header-display":"","ast-hfb-above-header-display":"","ast-hfb-below-header-display":"","ast-hfb-mobile-header-display":"","site-post-title":"","ast-breadcrumbs-content":"","ast-featured-img":"","footer-sml-layout":"","theme-transparent-header-meta":"","adv-header-id-meta":"","stick-header-meta":"","header-above-stick-meta":"","header-main-stick-meta":"","header-below-stick-meta":"","astra-migrate-meta-layouts":"default","ast-page-background-enabled":"default","ast-page-background-meta":{"desktop":{"background-color":"var(--ast-global-color-5)","background-image":"","background-repeat":"repeat","background-position":"center center","background-size":"auto","background-attachment":"scroll","background-type":"","background-media":"","overlay-type":"","overlay-color":"","overlay-opacity":"","overlay-gradient":""},"tablet":{"background-color":"","background-image":"","background-repeat":"repeat","background-position":"center center","background-size":"auto","background-attachment":"scroll","background-type":"","background-media":"","overlay-type":"","overlay-color":"","overlay-opacity":"","overlay-gradient":""},"mobile":{"background-color":"","background-image":"","background-repeat":"repeat","background-position":"center center","background-size":"auto","background-attachment":"scroll","background-type":"","background-media":"","overlay-type":"","overlay-color":"","overlay-opacity":"","overlay-gradient":""}},"ast-content-background-meta":{"desktop":{"background-color":"var(--ast-global-color-4)","background-image":"","background-repeat":"repeat","background-position":"center center","background-size":"auto","background-attachment":"scroll","background-type":"","background-media":"","overlay-type":"","overlay-color":"","overlay-opacity":"","overlay-gradient":""},"tablet":{"background-color":"var(--ast-global-color-4)","background-image":"","background-repeat":"repeat","background-position":"center center","background-size":"auto","background-attachment":"scroll","background-type":"","background-media":"","overlay-type":"","overlay-color":"","overlay-opacity":"","overlay-gradient":""},"mobile":{"background-color":"var(--ast-global-color-4)","background-image":"","background-repeat":"repeat","background-position":"center center","background-size":"auto","background-attachment":"scroll","background-type":"","background-media":"","overlay-type":"","overlay-color":"","overlay-opacity":"","overlay-gradient":""}}},"product_brand":[],"product_cat":[10346],"product_tag":[10374,10379,10578,10573],"class_list":{"0":"post-75098","1":"product","2":"type-product","3":"status-publish","4":"has-post-thumbnail","6":"product_cat-demi-modeles","7":"product_tag-abordage","8":"product_tag-boutique","9":"product_tag-constitution-de-luss-1797","10":"product_tag-modeles-de-bateaux","11":"desktop-align-center","12":"tablet-align-left","13":"mobile-align-left","14":"ast-product-gallery-layout-horizontal-slider","15":"ast-magnify-disabled","16":"ast-product-tabs-layout-accordion","17":"ast-qv-on-image","19":"first","20":"instock","21":"shipping-taxable","22":"purchasable","23":"product-type-simple"},"_links":{"self":[{"href":"https:\/\/abordage.com\/fr\/wp-json\/wp\/v2\/product\/75098","targetHints":{"allow":["GET"]}}],"collection":[{"href":"https:\/\/abordage.com\/fr\/wp-json\/wp\/v2\/product"}],"about":[{"href":"https:\/\/abordage.com\/fr\/wp-json\/wp\/v2\/types\/product"}],"replies":[{"embeddable":true,"href":"https:\/\/abordage.com\/fr\/wp-json\/wp\/v2\/comments?post=75098"}],"version-history":[{"count":0,"href":"https:\/\/abordage.com\/fr\/wp-json\/wp\/v2\/product\/75098\/revisions"}],"wp:featuredmedia":[{"embeddable":true,"href":"https:\/\/abordage.com\/fr\/wp-json\/wp\/v2\/media\/13380"}],"wp:attachment":[{"href":"https:\/\/abordage.com\/fr\/wp-json\/wp\/v2\/media?parent=75098"}],"wp:term":[{"taxonomy":"product_brand","embeddable":true,"href":"https:\/\/abordage.com\/fr\/wp-json\/wp\/v2\/product_brand?post=75098"},{"taxonomy":"product_cat","embeddable":true,"href":"https:\/\/abordage.com\/fr\/wp-json\/wp\/v2\/product_cat?post=75098"},{"taxonomy":"product_tag","embeddable":true,"href":"https:\/\/abordage.com\/fr\/wp-json\/wp\/v2\/product_tag?post=75098"}],"curies":[{"name":"wp","href":"https:\/\/api.w.org\/{rel}","templated":true}]}}