{"id":75153,"date":"2020-12-02T02:36:38","date_gmt":"2020-12-02T02:36:38","guid":{"rendered":"https:\/\/abordage.com\/shop\/non class\u00e9\/ac-75-patriot-demi-coque-2021-mm-100\/"},"modified":"2026-02-23T07:55:30","modified_gmt":"2026-02-23T11:55:30","slug":"ac-75-patriot-demi-coque-2021-mm-100","status":"publish","type":"product","link":"https:\/\/abordage.com\/fr\/shop\/boutique\/demi-coques-et-demi-maquettes\/demi-modeles\/ac-75-patriot-demi-coque-2021-mm-100\/","title":{"rendered":"AC 75 PATRIOT demi-coque 2021 MM-100"},"content":{"rendered":"<h3 class=\"page-subheading\"><strong>Une r\u00e9plique sur mesure<\/strong><\/h3>\n<p>Abordage a construit plus de <strong>3 000 mod\u00e8les de bateaux sur mesure au<\/strong> cours des 30 derni\u00e8res<strong> ann\u00e9es<\/strong>, avec encore plus de <strong>propri\u00e9taires satisfaits dans le monde entier.<\/strong><br \/>\nNotre \u00e9quipe a une grande exp\u00e9rience dans la construction de mod\u00e8les de bateaux sur mesure pour les propri\u00e9taires priv\u00e9s, les concepteurs de yachts et les chantiers navals.<br \/>\nLe mod\u00e8le de n&rsquo;importe quel navire, de n&rsquo;importe quelle \u00e9poque, peut \u00eatre command\u00e9 gr\u00e2ce \u00e0 notre longue exp\u00e9rience de la construction de mod\u00e8les uniques sur mesure.<\/p>\n<p><strong>&nbsp; &nbsp;&nbsp;<\/strong><\/p>\n<p><a title=\"Obtenez votre devis gratuit\" href=\"https:\/\/forms.zohopublic.com\/people443\/form\/GetYourfreeQuote\/formperma\/wC-bOBvv7QsQrPA1r0HwbXppBwC6JFMS7jfeubY7kOw\" target=\"_blank\" rel=\"noopener\">N&rsquo;h\u00e9sitez pas \u00e0 nous contacter pour un devis personnalis\u00e9.<\/a><\/p>\n","protected":false},"excerpt":{"rendered":"<p><strong>Commencez votre journ\u00e9e en beaut\u00e9<\/strong> avec la fabuleuse nouvelle demi-coque de l&rsquo;AC75 PATRIOT, construite \u00e0 l&rsquo;\u00e9chelle 1\/48 ou 19 pouces LOA.<\/p>\n<div>&nbsp;<\/div>\n<div>&nbsp;<\/div>\n<div>&nbsp;<\/div>\n","protected":false},"featured_media":75154,"comment_status":"open","ping_status":"closed","template":"","meta":{"site-sidebar-layout":"default","site-content-layout":"","ast-site-content-layout":"default","site-content-style":"default","site-sidebar-style":"default","ast-global-header-display":"","ast-banner-title-visibility":"","ast-main-header-display":"","ast-hfb-above-header-display":"","ast-hfb-below-header-display":"","ast-hfb-mobile-header-display":"","site-post-title":"","ast-breadcrumbs-content":"","ast-featured-img":"","footer-sml-layout":"","theme-transparent-header-meta":"default","adv-header-id-meta":"","stick-header-meta":"default","header-above-stick-meta":"","header-main-stick-meta":"","header-below-stick-meta":"","astra-migrate-meta-layouts":"default","ast-page-background-enabled":"default","ast-page-background-meta":{"desktop":{"background-color":"var(--ast-global-color-5)","background-image":"","background-repeat":"repeat","background-position":"center center","background-size":"auto","background-attachment":"scroll","background-type":"","background-media":"","overlay-type":"","overlay-color":"","overlay-opacity":"","overlay-gradient":""},"tablet":{"background-color":"","background-image":"","background-repeat":"repeat","background-position":"center center","background-size":"auto","background-attachment":"scroll","background-type":"","background-media":"","overlay-type":"","overlay-color":"","overlay-opacity":"","overlay-gradient":""},"mobile":{"background-color":"","background-image":"","background-repeat":"repeat","background-position":"center center","background-size":"auto","background-attachment":"scroll","background-type":"","background-media":"","overlay-type":"","overlay-color":"","overlay-opacity":"","overlay-gradient":""}},"ast-content-background-meta":{"desktop":{"background-color":"var(--ast-global-color-4)","background-image":"","background-repeat":"repeat","background-position":"center center","background-size":"auto","background-attachment":"scroll","background-type":"","background-media":"","overlay-type":"","overlay-color":"","overlay-opacity":"","overlay-gradient":""},"tablet":{"background-color":"var(--ast-global-color-4)","background-image":"","background-repeat":"repeat","background-position":"center center","background-size":"auto","background-attachment":"scroll","background-type":"","background-media":"","overlay-type":"","overlay-color":"","overlay-opacity":"","overlay-gradient":""},"mobile":{"background-color":"var(--ast-global-color-4)","background-image":"","background-repeat":"repeat","background-position":"center center","background-size":"auto","background-attachment":"scroll","background-type":"","background-media":"","overlay-type":"","overlay-color":"","overlay-opacity":"","overlay-gradient":""}}},"product_brand":[],"product_cat":[10346],"product_tag":[10374,10588,10518,10376,10587],"class_list":{"0":"post-75153","1":"product","2":"type-product","3":"status-publish","4":"has-post-thumbnail","6":"product_cat-demi-modeles","7":"product_tag-abordage","8":"product_tag-ac-75-patriot-demi-coque-mm-100","9":"product_tag-bateau-a-voile","10":"product_tag-sur-mesure","11":"product_tag-voilier-demi-coque","12":"desktop-align-center","13":"tablet-align-left","14":"mobile-align-left","15":"ast-product-gallery-layout-horizontal-slider","16":"ast-magnify-disabled","17":"ast-product-tabs-layout-accordion","18":"ast-qv-on-image","20":"first","21":"instock","22":"shipping-taxable","23":"purchasable","24":"product-type-simple"},"_links":{"self":[{"href":"https:\/\/abordage.com\/fr\/wp-json\/wp\/v2\/product\/75153","targetHints":{"allow":["GET"]}}],"collection":[{"href":"https:\/\/abordage.com\/fr\/wp-json\/wp\/v2\/product"}],"about":[{"href":"https:\/\/abordage.com\/fr\/wp-json\/wp\/v2\/types\/product"}],"replies":[{"embeddable":true,"href":"https:\/\/abordage.com\/fr\/wp-json\/wp\/v2\/comments?post=75153"}],"version-history":[{"count":0,"href":"https:\/\/abordage.com\/fr\/wp-json\/wp\/v2\/product\/75153\/revisions"}],"wp:featuredmedia":[{"embeddable":true,"href":"https:\/\/abordage.com\/fr\/wp-json\/wp\/v2\/media\/75154"}],"wp:attachment":[{"href":"https:\/\/abordage.com\/fr\/wp-json\/wp\/v2\/media?parent=75153"}],"wp:term":[{"taxonomy":"product_brand","embeddable":true,"href":"https:\/\/abordage.com\/fr\/wp-json\/wp\/v2\/product_brand?post=75153"},{"taxonomy":"product_cat","embeddable":true,"href":"https:\/\/abordage.com\/fr\/wp-json\/wp\/v2\/product_cat?post=75153"},{"taxonomy":"product_tag","embeddable":true,"href":"https:\/\/abordage.com\/fr\/wp-json\/wp\/v2\/product_tag?post=75153"}],"curies":[{"name":"wp","href":"https:\/\/api.w.org\/{rel}","templated":true}]}}