{"id":75185,"date":"2009-12-03T19:39:20","date_gmt":"2009-12-03T19:39:20","guid":{"rendered":"https:\/\/abordage.com\/shop\/non class\u00e9\/endeavour-i-1934-3\/"},"modified":"2026-02-01T18:06:19","modified_gmt":"2026-02-01T22:06:19","slug":"endeavour-i-1934-3","status":"publish","type":"product","link":"https:\/\/abordage.com\/fr\/shop\/boutique\/demi-coques-et-demi-maquettes\/demi-modeles-avec-cadre-en-bois\/endeavour-i-1934-3\/","title":{"rendered":"Endeavour I 1934"},"content":{"rendered":"<p>Cet Endeavour I encadr\u00e9 est tr\u00e8s facile \u00e0 manipuler et mettra en valeur votre salon. Fabriqu\u00e9 en acajou du Br\u00e9sil et en plexiglas, il r\u00e9siste aux si\u00e8cles qui passent et prot\u00e8ge de la poussi\u00e8re. Un tr\u00e8s bon investissement qui ne vous d\u00e9cevra pas.  <\/p>\n<p>Vous aimerez peut-\u00eatre aussi le Shamrock V encadr\u00e9 ou le Ranger encadr\u00e9.<\/p>\n","protected":false},"excerpt":{"rendered":"<p>Achetez un mod\u00e8le du yacht de classe J, Endeavour I, lanc\u00e9 pour la Coupe de l&rsquo;America en 1934 par Camper et Nicholson. Construit pour la premi\u00e8re fois en 1934 \u00e0 Gosport, dans le port de Portsmouth, en Angleterre, l&rsquo;Endeavour I a pr\u00e9serv\u00e9 l&rsquo;art de la construction d&rsquo;un bateau en bois plan sur plan pendant pr\u00e8s de 100 ans. <\/p>\n","protected":false},"featured_media":12793,"comment_status":"open","ping_status":"closed","template":"","meta":{"site-sidebar-layout":"default","site-content-layout":"","ast-site-content-layout":"default","site-content-style":"default","site-sidebar-style":"default","ast-global-header-display":"","ast-banner-title-visibility":"","ast-main-header-display":"","ast-hfb-above-header-display":"","ast-hfb-below-header-display":"","ast-hfb-mobile-header-display":"","site-post-title":"","ast-breadcrumbs-content":"","ast-featured-img":"","footer-sml-layout":"","theme-transparent-header-meta":"","adv-header-id-meta":"","stick-header-meta":"","header-above-stick-meta":"","header-main-stick-meta":"","header-below-stick-meta":"","astra-migrate-meta-layouts":"default","ast-page-background-enabled":"default","ast-page-background-meta":{"desktop":{"background-color":"var(--ast-global-color-5)","background-image":"","background-repeat":"repeat","background-position":"center center","background-size":"auto","background-attachment":"scroll","background-type":"","background-media":"","overlay-type":"","overlay-color":"","overlay-opacity":"","overlay-gradient":""},"tablet":{"background-color":"","background-image":"","background-repeat":"repeat","background-position":"center center","background-size":"auto","background-attachment":"scroll","background-type":"","background-media":"","overlay-type":"","overlay-color":"","overlay-opacity":"","overlay-gradient":""},"mobile":{"background-color":"","background-image":"","background-repeat":"repeat","background-position":"center center","background-size":"auto","background-attachment":"scroll","background-type":"","background-media":"","overlay-type":"","overlay-color":"","overlay-opacity":"","overlay-gradient":""}},"ast-content-background-meta":{"desktop":{"background-color":"var(--ast-global-color-4)","background-image":"","background-repeat":"repeat","background-position":"center center","background-size":"auto","background-attachment":"scroll","background-type":"","background-media":"","overlay-type":"","overlay-color":"","overlay-opacity":"","overlay-gradient":""},"tablet":{"background-color":"var(--ast-global-color-4)","background-image":"","background-repeat":"repeat","background-position":"center center","background-size":"auto","background-attachment":"scroll","background-type":"","background-media":"","overlay-type":"","overlay-color":"","overlay-opacity":"","overlay-gradient":""},"mobile":{"background-color":"var(--ast-global-color-4)","background-image":"","background-repeat":"repeat","background-position":"center center","background-size":"auto","background-attachment":"scroll","background-type":"","background-media":"","overlay-type":"","overlay-color":"","overlay-opacity":"","overlay-gradient":""}}},"product_brand":[],"product_cat":[10349],"product_tag":[10610,10614,10379,10611,10615,10612,10613],"class_list":{"0":"post-75185","1":"product","2":"type-product","3":"status-publish","4":"has-post-thumbnail","6":"product_cat-demi-modeles-avec-cadre-en-bois","7":"product_tag-achetez-une-maquette-du-yacht-j-class","8":"product_tag-angleterre","9":"product_tag-boutique","10":"product_tag-effort-i","11":"product_tag-lentreprise-i-a-preserve-lart-de-la-construction-de-bateaux-en-bois-de-type-plank-on-frame-pour-alm","12":"product_tag-lance-pour-la-coupe-damerique-1934-par-camper-et-nicholson-construit-pour-la-premiere-fois-en-1934-a-gosport","13":"product_tag-port-de-portsmouth","14":"desktop-align-center","15":"tablet-align-left","16":"mobile-align-left","17":"ast-product-gallery-layout-horizontal-slider","18":"ast-magnify-disabled","19":"ast-product-tabs-layout-accordion","20":"ast-qv-on-image","22":"first","23":"instock","24":"shipping-taxable","25":"purchasable","26":"product-type-simple"},"_links":{"self":[{"href":"https:\/\/abordage.com\/fr\/wp-json\/wp\/v2\/product\/75185","targetHints":{"allow":["GET"]}}],"collection":[{"href":"https:\/\/abordage.com\/fr\/wp-json\/wp\/v2\/product"}],"about":[{"href":"https:\/\/abordage.com\/fr\/wp-json\/wp\/v2\/types\/product"}],"replies":[{"embeddable":true,"href":"https:\/\/abordage.com\/fr\/wp-json\/wp\/v2\/comments?post=75185"}],"version-history":[{"count":0,"href":"https:\/\/abordage.com\/fr\/wp-json\/wp\/v2\/product\/75185\/revisions"}],"wp:featuredmedia":[{"embeddable":true,"href":"https:\/\/abordage.com\/fr\/wp-json\/wp\/v2\/media\/12793"}],"wp:attachment":[{"href":"https:\/\/abordage.com\/fr\/wp-json\/wp\/v2\/media?parent=75185"}],"wp:term":[{"taxonomy":"product_brand","embeddable":true,"href":"https:\/\/abordage.com\/fr\/wp-json\/wp\/v2\/product_brand?post=75185"},{"taxonomy":"product_cat","embeddable":true,"href":"https:\/\/abordage.com\/fr\/wp-json\/wp\/v2\/product_cat?post=75185"},{"taxonomy":"product_tag","embeddable":true,"href":"https:\/\/abordage.com\/fr\/wp-json\/wp\/v2\/product_tag?post=75185"}],"curies":[{"name":"wp","href":"https:\/\/api.w.org\/{rel}","templated":true}]}}