{"id":75200,"date":"2013-01-23T20:33:43","date_gmt":"2013-01-23T20:33:43","guid":{"rendered":"https:\/\/abordage.com\/shop\/non class\u00e9\/atlantique-1903-2\/"},"modified":"2013-01-23T20:33:43","modified_gmt":"2013-01-24T00:33:43","slug":"atlantique-1903-2","status":"publish","type":"product","link":"https:\/\/abordage.com\/fr\/shop\/boutique\/demi-coques-et-demi-maquettes\/demi-modeles-avec-cadre-en-bois\/atlantique-1903-2\/","title":{"rendered":"Atlantique 1903"},"content":{"rendered":"<p>Cette demi-maquette encadr\u00e9e avec les voiles de l&rsquo;Atlantique est tr\u00e8s facile \u00e0 manipuler et mettra en valeur votre salon. Fabriqu\u00e9e en acajou du Br\u00e9sil et en plexiglas, elle r\u00e9siste aux si\u00e8cles qui passent et prot\u00e8ge de la poussi\u00e8re. Un tr\u00e8s bon investissement qui ne vous d\u00e9cevra pas.  <\/p>\n","protected":false},"excerpt":{"rendered":"<p>Achetez ce mod\u00e8le de go\u00e9lette de l&rsquo;Atlantique enti\u00e8rement brad\u00e9 \u00e0 la main et mont\u00e9 sur cadre.<\/p>\n<p>Lanc\u00e9e en 1903 \u00e0 New York, cette demi-maquette encadr\u00e9e de l&rsquo;Atlantic r\u00e9v\u00e8le un souci du d\u00e9tail que vous ne retrouverez pas sur une autre maquette de bateau. Avec sa peinture noire sur le dessus et rouge sur le dessous, ce trois-m\u00e2ts en bois illuminera votre salon ou votre chambre. <\/p>\n","protected":false},"featured_media":13287,"comment_status":"open","ping_status":"closed","template":"","meta":{"site-sidebar-layout":"default","site-content-layout":"","ast-site-content-layout":"default","site-content-style":"default","site-sidebar-style":"default","ast-global-header-display":"","ast-banner-title-visibility":"","ast-main-header-display":"","ast-hfb-above-header-display":"","ast-hfb-below-header-display":"","ast-hfb-mobile-header-display":"","site-post-title":"","ast-breadcrumbs-content":"","ast-featured-img":"","footer-sml-layout":"","theme-transparent-header-meta":"","adv-header-id-meta":"","stick-header-meta":"","header-above-stick-meta":"","header-main-stick-meta":"","header-below-stick-meta":"","astra-migrate-meta-layouts":"default","ast-page-background-enabled":"default","ast-page-background-meta":{"desktop":{"background-color":"var(--ast-global-color-5)","background-image":"","background-repeat":"repeat","background-position":"center center","background-size":"auto","background-attachment":"scroll","background-type":"","background-media":"","overlay-type":"","overlay-color":"","overlay-opacity":"","overlay-gradient":""},"tablet":{"background-color":"","background-image":"","background-repeat":"repeat","background-position":"center center","background-size":"auto","background-attachment":"scroll","background-type":"","background-media":"","overlay-type":"","overlay-color":"","overlay-opacity":"","overlay-gradient":""},"mobile":{"background-color":"","background-image":"","background-repeat":"repeat","background-position":"center center","background-size":"auto","background-attachment":"scroll","background-type":"","background-media":"","overlay-type":"","overlay-color":"","overlay-opacity":"","overlay-gradient":""}},"ast-content-background-meta":{"desktop":{"background-color":"var(--ast-global-color-4)","background-image":"","background-repeat":"repeat","background-position":"center center","background-size":"auto","background-attachment":"scroll","background-type":"","background-media":"","overlay-type":"","overlay-color":"","overlay-opacity":"","overlay-gradient":""},"tablet":{"background-color":"var(--ast-global-color-4)","background-image":"","background-repeat":"repeat","background-position":"center center","background-size":"auto","background-attachment":"scroll","background-type":"","background-media":"","overlay-type":"","overlay-color":"","overlay-opacity":"","overlay-gradient":""},"mobile":{"background-color":"var(--ast-global-color-4)","background-image":"","background-repeat":"repeat","background-position":"center center","background-size":"auto","background-attachment":"scroll","background-type":"","background-media":"","overlay-type":"","overlay-color":"","overlay-opacity":"","overlay-gradient":""}}},"product_brand":[],"product_cat":[10349],"product_tag":[10621,10379],"class_list":{"0":"post-75200","1":"product","2":"type-product","3":"status-publish","4":"has-post-thumbnail","6":"product_cat-demi-modeles-avec-cadre-en-bois","7":"product_tag-achetez-ce-modele-de-goelette-de-latlantique-entierement-brade-a-la-main-et-monte-sur-cadre","8":"product_tag-boutique","9":"desktop-align-center","10":"tablet-align-left","11":"mobile-align-left","12":"ast-product-gallery-layout-horizontal-slider","13":"ast-magnify-disabled","14":"ast-product-tabs-layout-accordion","15":"ast-qv-on-image","17":"first","18":"instock","19":"shipping-taxable","20":"purchasable","21":"product-type-simple"},"_links":{"self":[{"href":"https:\/\/abordage.com\/fr\/wp-json\/wp\/v2\/product\/75200","targetHints":{"allow":["GET"]}}],"collection":[{"href":"https:\/\/abordage.com\/fr\/wp-json\/wp\/v2\/product"}],"about":[{"href":"https:\/\/abordage.com\/fr\/wp-json\/wp\/v2\/types\/product"}],"replies":[{"embeddable":true,"href":"https:\/\/abordage.com\/fr\/wp-json\/wp\/v2\/comments?post=75200"}],"version-history":[{"count":0,"href":"https:\/\/abordage.com\/fr\/wp-json\/wp\/v2\/product\/75200\/revisions"}],"wp:featuredmedia":[{"embeddable":true,"href":"https:\/\/abordage.com\/fr\/wp-json\/wp\/v2\/media\/13287"}],"wp:attachment":[{"href":"https:\/\/abordage.com\/fr\/wp-json\/wp\/v2\/media?parent=75200"}],"wp:term":[{"taxonomy":"product_brand","embeddable":true,"href":"https:\/\/abordage.com\/fr\/wp-json\/wp\/v2\/product_brand?post=75200"},{"taxonomy":"product_cat","embeddable":true,"href":"https:\/\/abordage.com\/fr\/wp-json\/wp\/v2\/product_cat?post=75200"},{"taxonomy":"product_tag","embeddable":true,"href":"https:\/\/abordage.com\/fr\/wp-json\/wp\/v2\/product_tag?post=75200"}],"curies":[{"name":"wp","href":"https:\/\/api.w.org\/{rel}","templated":true}]}}