{"id":75485,"date":"2014-10-21T16:03:16","date_gmt":"2014-10-21T16:03:16","guid":{"rendered":"https:\/\/abordage.com\/shop\/non class\u00e9\/herreshoff-12-1-2-1914-2\/"},"modified":"2014-10-21T16:03:16","modified_gmt":"2014-10-21T20:03:16","slug":"herreshoff-12-1-2-1914-2","status":"publish","type":"product","link":"https:\/\/abordage.com\/fr\/shop\/boutique\/demi-coques-et-demi-maquettes\/demi-coques\/herreshoff-12-1-2-1914-2\/","title":{"rendered":"Herreshoff 12 1\/2 1914"},"content":{"rendered":"<p>Taille de la coque : 13 pouces ou 33 cm.<\/p>\n<p>Taille du tableau : 18 pouces x 8 pouces ou 46cm X 20cm  <\/p>\n<p>Le Herreshoff 12 \u00bd est un voilier qui appartient g\u00e9n\u00e9ralement aux estivants du Maine, et ce pour une bonne raison. Beau, spacieux, marin et doux \u00e0 la voile, c&rsquo;est le bateau id\u00e9al pour envoyer les enfants passer la journ\u00e9e en toute tranquillit\u00e9. Nombreux sont ceux qui ont appris \u00e0 naviguer sur un 12 \u00bd (souvent appel\u00e9 Bullseye dans le Maine), et nombreux sont les plaisanciers qui, apr\u00e8s s&rsquo;\u00eatre s\u00e9par\u00e9s d&rsquo;un bateau plus grand, naviguent sur ces bateaux jusqu&rsquo;\u00e0 la fin de leur vie.  <\/p>\n<p>De Artisan Boatworks<\/p>\n<p>Construction en planches sur cadre avec des planches miniatures en bois dur tropical.<\/p>\n<p>La coque est blanche avec une ligne de flottaison rouge et une peinture de fond vert fonc\u00e9.<\/p>\n","protected":false},"excerpt":{"rendered":"<h4>D\u00e9couvrez notre nouvelle demi-coque du Herreshoff 12 1\/2 1914.<\/h4>\n","protected":false},"featured_media":13588,"comment_status":"open","ping_status":"closed","template":"","meta":{"site-sidebar-layout":"default","site-content-layout":"","ast-site-content-layout":"default","site-content-style":"default","site-sidebar-style":"default","ast-global-header-display":"","ast-banner-title-visibility":"","ast-main-header-display":"","ast-hfb-above-header-display":"","ast-hfb-below-header-display":"","ast-hfb-mobile-header-display":"","site-post-title":"","ast-breadcrumbs-content":"","ast-featured-img":"","footer-sml-layout":"","theme-transparent-header-meta":"","adv-header-id-meta":"","stick-header-meta":"","header-above-stick-meta":"","header-main-stick-meta":"","header-below-stick-meta":"","astra-migrate-meta-layouts":"default","ast-page-background-enabled":"default","ast-page-background-meta":{"desktop":{"background-color":"var(--ast-global-color-5)","background-image":"","background-repeat":"repeat","background-position":"center center","background-size":"auto","background-attachment":"scroll","background-type":"","background-media":"","overlay-type":"","overlay-color":"","overlay-opacity":"","overlay-gradient":""},"tablet":{"background-color":"","background-image":"","background-repeat":"repeat","background-position":"center center","background-size":"auto","background-attachment":"scroll","background-type":"","background-media":"","overlay-type":"","overlay-color":"","overlay-opacity":"","overlay-gradient":""},"mobile":{"background-color":"","background-image":"","background-repeat":"repeat","background-position":"center center","background-size":"auto","background-attachment":"scroll","background-type":"","background-media":"","overlay-type":"","overlay-color":"","overlay-opacity":"","overlay-gradient":""}},"ast-content-background-meta":{"desktop":{"background-color":"var(--ast-global-color-4)","background-image":"","background-repeat":"repeat","background-position":"center center","background-size":"auto","background-attachment":"scroll","background-type":"","background-media":"","overlay-type":"","overlay-color":"","overlay-opacity":"","overlay-gradient":""},"tablet":{"background-color":"var(--ast-global-color-4)","background-image":"","background-repeat":"repeat","background-position":"center center","background-size":"auto","background-attachment":"scroll","background-type":"","background-media":"","overlay-type":"","overlay-color":"","overlay-opacity":"","overlay-gradient":""},"mobile":{"background-color":"var(--ast-global-color-4)","background-image":"","background-repeat":"repeat","background-position":"center center","background-size":"auto","background-attachment":"scroll","background-type":"","background-media":"","overlay-type":"","overlay-color":"","overlay-opacity":"","overlay-gradient":""}}},"product_brand":[],"product_cat":[10322,10343],"product_tag":[10379,10656],"class_list":{"0":"post-75485","1":"product","2":"type-product","3":"status-publish","4":"has-post-thumbnail","6":"product_cat-maquettes-de-bateau","7":"product_cat-demi-coques","8":"product_tag-boutique","9":"product_tag-herreshoff-12-1-2-1914-demi-coque","10":"desktop-align-center","11":"tablet-align-left","12":"mobile-align-left","13":"ast-product-gallery-layout-horizontal-slider","14":"ast-magnify-disabled","15":"ast-product-tabs-layout-accordion","16":"ast-qv-on-image","18":"first","19":"instock","20":"shipping-taxable","21":"purchasable","22":"product-type-simple"},"_links":{"self":[{"href":"https:\/\/abordage.com\/fr\/wp-json\/wp\/v2\/product\/75485","targetHints":{"allow":["GET"]}}],"collection":[{"href":"https:\/\/abordage.com\/fr\/wp-json\/wp\/v2\/product"}],"about":[{"href":"https:\/\/abordage.com\/fr\/wp-json\/wp\/v2\/types\/product"}],"replies":[{"embeddable":true,"href":"https:\/\/abordage.com\/fr\/wp-json\/wp\/v2\/comments?post=75485"}],"version-history":[{"count":0,"href":"https:\/\/abordage.com\/fr\/wp-json\/wp\/v2\/product\/75485\/revisions"}],"wp:featuredmedia":[{"embeddable":true,"href":"https:\/\/abordage.com\/fr\/wp-json\/wp\/v2\/media\/13588"}],"wp:attachment":[{"href":"https:\/\/abordage.com\/fr\/wp-json\/wp\/v2\/media?parent=75485"}],"wp:term":[{"taxonomy":"product_brand","embeddable":true,"href":"https:\/\/abordage.com\/fr\/wp-json\/wp\/v2\/product_brand?post=75485"},{"taxonomy":"product_cat","embeddable":true,"href":"https:\/\/abordage.com\/fr\/wp-json\/wp\/v2\/product_cat?post=75485"},{"taxonomy":"product_tag","embeddable":true,"href":"https:\/\/abordage.com\/fr\/wp-json\/wp\/v2\/product_tag?post=75485"}],"curies":[{"name":"wp","href":"https:\/\/api.w.org\/{rel}","templated":true}]}}