{"id":75532,"date":"2015-06-20T00:40:56","date_gmt":"2015-06-20T00:40:56","guid":{"rendered":"https:\/\/abordage.com\/shop\/non class\u00e9\/benevole-1887\/"},"modified":"2015-06-20T00:40:56","modified_gmt":"2015-06-20T04:40:56","slug":"benevole-1887","status":"publish","type":"product","link":"https:\/\/abordage.com\/fr\/shop\/boutique\/demi-coques-et-demi-maquettes\/demi-coques\/benevole-1887\/","title":{"rendered":"B\u00e9n\u00e9vole 1887"},"content":{"rendered":"<p>Volunteer, un <a title=\"Sloop\" href=\"https:\/\/en.wikipedia.org\/wiki\/Sloop\" target=\"_blank\" rel=\"noopener\">sloop<\/a> \u00e0 <a class=\"mw-redirect\" title=\"D\u00e9rive\" href=\"https:\/\/en.wikipedia.org\/wiki\/Centerboard\" target=\"_blank\" rel=\"noopener\">d\u00e9rive<\/a>, a \u00e9t\u00e9 con\u00e7u par <a title=\"Edward Burgess (concepteur de yachts)\" href=\"https:\/\/en.wikipedia.org\/wiki\/Edward_Burgess_(yacht_designer)\" target=\"_blank\" rel=\"noopener\">Edward Burgess<\/a> et construit par <a class=\"mw-redirect\" title=\"Pusey &amp; Jones\" href=\"https:\/\/en.wikipedia.org\/wiki\/Pusey_%26_Jones\" target=\"_blank\" rel=\"noopener\">Pusey &amp; Jones Shipbuilding<\/a>Company \u00e0 <a title=\"Wilmington, Delaware\" href=\"https:\/\/en.wikipedia.org\/wiki\/Wilmington,_Delaware\" target=\"_blank\" rel=\"noopener\">Wilmington, Delaware<\/a> en 1887 pour le propri\u00e9taire, le g\u00e9n\u00e9ral <a title=\"Charles Jackson Paine\" href=\"https:\/\/en.wikipedia.org\/wiki\/Charles_Jackson_Paine\" target=\"_blank\" rel=\"noopener\">Charles J. Paine<\/a> du <a title=\"New York Yacht Club\" href=\"https:\/\/en.wikipedia.org\/wiki\/New_York_Yacht_Club\" target=\"_blank\" rel=\"noopener\">New York Yacht Club.<\/a><\/p>\n<p><em>Volunteer<\/em> a \u00e9t\u00e9 le premier yacht de la Coupe de l&rsquo;America dont la structure et la coque \u00e9taient enti\u00e8rement en acier. Son pont \u00e9tait en pin blanc. <\/p>\n<p>Carri\u00e8re<\/p>\n<p><em>Volunteer<\/em> a facilement battu le defender de l&rsquo;America&rsquo;s Cup de 1886 <em><a title=\"Mayflower (yacht)\" href=\"https:\/\/en.wikipedia.org\/wiki\/Mayflower_(yacht)\" target=\"_blank\" rel=\"noopener\">Mayflower<\/a><\/em> lors des \u00e9preuves du defender de l&rsquo;America&rsquo;s Cup 1887 et remporte les deux courses de la Coupe les 27 et 30 septembre 1887 contre <em>Thistle<\/em>. <em>Volunteer<\/em> est dirig\u00e9 par le capitaine Hank Haff, assist\u00e9 des capitaines Terry, Berry et L. Jeffreys.<\/p>\n<p>Peu apr\u00e8s les courses de la Cup, <em>Volunteer<\/em> a \u00e9t\u00e9 achet\u00e9 par <a title=\"John Malcolm Forbes\" href=\"https:\/\/en.wikipedia.org\/wiki\/John_Malcolm_Forbes\" target=\"_blank\" rel=\"noopener\">John Malcolm Forbes<\/a> (qui poss\u00e9dait \u00e9galement <em><a title=\"Puritan (yacht)\" href=\"https:\/\/en.wikipedia.org\/wiki\/Puritan_(yacht)\" target=\"_blank\" rel=\"noopener\">Puritan<\/a><\/em>) et a \u00e9t\u00e9 transform\u00e9 en <a title=\"Go\u00e9lette\" href=\"https:\/\/en.wikipedia.org\/wiki\/Schooner\" target=\"_blank\" rel=\"noopener\">go\u00e9lette<\/a> en 1891. Il est d\u00e9mantel\u00e9 dans une casse new-yorkaise en 1910. <\/p>\n<p>D&rsquo;apr\u00e8s Wikip\u00e9dia.<\/p>\n","protected":false},"excerpt":{"rendered":"<p>D\u00e9couvrez cette nouvelle demi-coque du Volunteer. Defender de l&rsquo;America&rsquo;s Cup en 1887. <\/p>\n<p>Con\u00e7u par Edward Burgess.<\/p>\n","protected":false},"featured_media":13969,"comment_status":"open","ping_status":"closed","template":"","meta":{"site-sidebar-layout":"default","site-content-layout":"","ast-site-content-layout":"default","site-content-style":"default","site-sidebar-style":"default","ast-global-header-display":"","ast-banner-title-visibility":"","ast-main-header-display":"","ast-hfb-above-header-display":"","ast-hfb-below-header-display":"","ast-hfb-mobile-header-display":"","site-post-title":"","ast-breadcrumbs-content":"","ast-featured-img":"","footer-sml-layout":"","theme-transparent-header-meta":"","adv-header-id-meta":"","stick-header-meta":"","header-above-stick-meta":"","header-main-stick-meta":"","header-below-stick-meta":"","astra-migrate-meta-layouts":"default","ast-page-background-enabled":"default","ast-page-background-meta":{"desktop":{"background-color":"var(--ast-global-color-5)","background-image":"","background-repeat":"repeat","background-position":"center center","background-size":"auto","background-attachment":"scroll","background-type":"","background-media":"","overlay-type":"","overlay-color":"","overlay-opacity":"","overlay-gradient":""},"tablet":{"background-color":"","background-image":"","background-repeat":"repeat","background-position":"center center","background-size":"auto","background-attachment":"scroll","background-type":"","background-media":"","overlay-type":"","overlay-color":"","overlay-opacity":"","overlay-gradient":""},"mobile":{"background-color":"","background-image":"","background-repeat":"repeat","background-position":"center center","background-size":"auto","background-attachment":"scroll","background-type":"","background-media":"","overlay-type":"","overlay-color":"","overlay-opacity":"","overlay-gradient":""}},"ast-content-background-meta":{"desktop":{"background-color":"var(--ast-global-color-4)","background-image":"","background-repeat":"repeat","background-position":"center center","background-size":"auto","background-attachment":"scroll","background-type":"","background-media":"","overlay-type":"","overlay-color":"","overlay-opacity":"","overlay-gradient":""},"tablet":{"background-color":"var(--ast-global-color-4)","background-image":"","background-repeat":"repeat","background-position":"center center","background-size":"auto","background-attachment":"scroll","background-type":"","background-media":"","overlay-type":"","overlay-color":"","overlay-opacity":"","overlay-gradient":""},"mobile":{"background-color":"var(--ast-global-color-4)","background-image":"","background-repeat":"repeat","background-position":"center center","background-size":"auto","background-attachment":"scroll","background-type":"","background-media":"","overlay-type":"","overlay-color":"","overlay-opacity":"","overlay-gradient":""}}},"product_brand":[],"product_cat":[10343],"product_tag":[10379],"class_list":{"0":"post-75532","1":"product","2":"type-product","3":"status-publish","4":"has-post-thumbnail","6":"product_cat-demi-coques","7":"product_tag-boutique","8":"desktop-align-center","9":"tablet-align-left","10":"mobile-align-left","11":"ast-product-gallery-layout-horizontal-slider","12":"ast-magnify-disabled","13":"ast-product-tabs-layout-accordion","14":"ast-qv-on-image","16":"first","17":"instock","18":"shipping-taxable","19":"purchasable","20":"product-type-simple"},"_links":{"self":[{"href":"https:\/\/abordage.com\/fr\/wp-json\/wp\/v2\/product\/75532","targetHints":{"allow":["GET"]}}],"collection":[{"href":"https:\/\/abordage.com\/fr\/wp-json\/wp\/v2\/product"}],"about":[{"href":"https:\/\/abordage.com\/fr\/wp-json\/wp\/v2\/types\/product"}],"replies":[{"embeddable":true,"href":"https:\/\/abordage.com\/fr\/wp-json\/wp\/v2\/comments?post=75532"}],"version-history":[{"count":0,"href":"https:\/\/abordage.com\/fr\/wp-json\/wp\/v2\/product\/75532\/revisions"}],"wp:featuredmedia":[{"embeddable":true,"href":"https:\/\/abordage.com\/fr\/wp-json\/wp\/v2\/media\/13969"}],"wp:attachment":[{"href":"https:\/\/abordage.com\/fr\/wp-json\/wp\/v2\/media?parent=75532"}],"wp:term":[{"taxonomy":"product_brand","embeddable":true,"href":"https:\/\/abordage.com\/fr\/wp-json\/wp\/v2\/product_brand?post=75532"},{"taxonomy":"product_cat","embeddable":true,"href":"https:\/\/abordage.com\/fr\/wp-json\/wp\/v2\/product_cat?post=75532"},{"taxonomy":"product_tag","embeddable":true,"href":"https:\/\/abordage.com\/fr\/wp-json\/wp\/v2\/product_tag?post=75532"}],"curies":[{"name":"wp","href":"https:\/\/api.w.org\/{rel}","templated":true}]}}