{"id":75548,"date":"2015-11-16T23:21:12","date_gmt":"2015-11-16T23:21:12","guid":{"rendered":"https:\/\/abordage.com\/shop\/non class\u00e9\/liberte-1983\/"},"modified":"2026-02-01T18:11:47","modified_gmt":"2026-02-01T22:11:47","slug":"liberte-1983","status":"publish","type":"product","link":"https:\/\/abordage.com\/fr\/shop\/boutique\/demi-coques-et-demi-maquettes\/demi-coques\/liberte-1983\/","title":{"rendered":"Libert\u00e9 1983"},"content":{"rendered":"<p>D\u00e9couvrez la demi-coque du Liberty 1983. \u00c9chelle 1\/32. <\/p>\n<p>La <strong> <a title=\"Coupe de l&#039;America\" href=\"https:\/\/en.wikipedia.org\/wiki\/America%27s_Cup\" target=\"_blank\" rel=\"noopener\">Coupe de l&rsquo;America de<\/a> 1983<\/strong> a \u00e9t\u00e9 l&rsquo;occasion du premier d\u00e9fi remport\u00e9 par le <a title=\"New York Yacht Club\" href=\"https:\/\/en.wikipedia.org\/wiki\/New_York_Yacht_Club\" target=\"_blank\" rel=\"noopener\">New York Yacht Club<\/a>, qui avait d\u00e9fendu la Coupe avec succ\u00e8s pendant 132 ans. Un <a title=\"Syndicat\" href=\"https:\/\/en.wikipedia.org\/wiki\/Syndicate\" target=\"_blank\" rel=\"noopener\">syndicat<\/a> <a title=\"Australie\" href=\"https:\/\/en.wikipedia.org\/wiki\/Australia\" target=\"_blank\" rel=\"noopener\">australien<\/a> repr\u00e9sentant le <a title=\"Royal Perth Yacht Club\" href=\"https:\/\/en.wikipedia.org\/wiki\/Royal_Perth_Yacht_Club\" target=\"_blank\" rel=\"noopener\">Royal Perth Yacht Club<\/a> a engag\u00e9 le bateau <em><a title=\"Australie II\" href=\"https:\/\/en.wikipedia.org\/wiki\/Australia_II\" target=\"_blank\" rel=\"noopener\">Australia II<\/a><\/em>skipp\u00e9 par <a title=\"John Bertrand (navigateur australien)\" href=\"https:\/\/en.wikipedia.org\/wiki\/John_Bertrand_(Australian_sailor)\" target=\"_blank\" rel=\"noopener\">John Bertrand<\/a>, contre le defender <a title=\"Liberty (yacht)\" href=\"https:\/\/en.wikipedia.org\/wiki\/Liberty_(yacht)\" target=\"_blank\" rel=\"noopener\"><em>Liberty<\/em><\/a>skipp\u00e9 par <a title=\"Dennis Conner\" href=\"https:\/\/en.wikipedia.org\/wiki\/Dennis_Conner\" target=\"_blank\" rel=\"noopener\">Dennis Conner<\/a>. <em>Australia II<\/em> remporte le <a class=\"mw-redirect\" title=\"Course de vitesse\" href=\"https:\/\/en.wikipedia.org\/wiki\/Match_race\" target=\"_blank\" rel=\"noopener\">match race<\/a> et gagne l&rsquo;America&rsquo;s Cup, mettant fin \u00e0 la plus longue s\u00e9rie de victoires de l&rsquo;histoire du <a title=\"Le sport\" href=\"https:\/\/en.wikipedia.org\/wiki\/Sport\" target=\"_blank\" rel=\"noopener\">sport<\/a> et \u00e0 la domination des \u00c9tats-Unis sur la s\u00e9rie de courses. <\/p>\n<p>Tir\u00e9 de Wikip\u00e9dia<\/p>\n","protected":false},"excerpt":{"rendered":"<p>D\u00e9couvrez la demi-coque Liberty 1983.<\/p>\n<p>Construit en r\u00e9sine. \u00c9chelle 1\/32 <\/p>\n<p>Taille de la coque : 60cm<\/p>\n<p>Taille du tableau : 75cm x 20cm<\/p>\n","protected":false},"featured_media":14168,"comment_status":"open","ping_status":"closed","template":"","meta":{"site-sidebar-layout":"default","site-content-layout":"","ast-site-content-layout":"default","site-content-style":"default","site-sidebar-style":"default","ast-global-header-display":"","ast-banner-title-visibility":"","ast-main-header-display":"","ast-hfb-above-header-display":"","ast-hfb-below-header-display":"","ast-hfb-mobile-header-display":"","site-post-title":"","ast-breadcrumbs-content":"","ast-featured-img":"","footer-sml-layout":"","theme-transparent-header-meta":"","adv-header-id-meta":"","stick-header-meta":"","header-above-stick-meta":"","header-main-stick-meta":"","header-below-stick-meta":"","astra-migrate-meta-layouts":"default","ast-page-background-enabled":"default","ast-page-background-meta":{"desktop":{"background-color":"var(--ast-global-color-5)","background-image":"","background-repeat":"repeat","background-position":"center center","background-size":"auto","background-attachment":"scroll","background-type":"","background-media":"","overlay-type":"","overlay-color":"","overlay-opacity":"","overlay-gradient":""},"tablet":{"background-color":"","background-image":"","background-repeat":"repeat","background-position":"center center","background-size":"auto","background-attachment":"scroll","background-type":"","background-media":"","overlay-type":"","overlay-color":"","overlay-opacity":"","overlay-gradient":""},"mobile":{"background-color":"","background-image":"","background-repeat":"repeat","background-position":"center center","background-size":"auto","background-attachment":"scroll","background-type":"","background-media":"","overlay-type":"","overlay-color":"","overlay-opacity":"","overlay-gradient":""}},"ast-content-background-meta":{"desktop":{"background-color":"var(--ast-global-color-4)","background-image":"","background-repeat":"repeat","background-position":"center center","background-size":"auto","background-attachment":"scroll","background-type":"","background-media":"","overlay-type":"","overlay-color":"","overlay-opacity":"","overlay-gradient":""},"tablet":{"background-color":"var(--ast-global-color-4)","background-image":"","background-repeat":"repeat","background-position":"center center","background-size":"auto","background-attachment":"scroll","background-type":"","background-media":"","overlay-type":"","overlay-color":"","overlay-opacity":"","overlay-gradient":""},"mobile":{"background-color":"var(--ast-global-color-4)","background-image":"","background-repeat":"repeat","background-position":"center center","background-size":"auto","background-attachment":"scroll","background-type":"","background-media":"","overlay-type":"","overlay-color":"","overlay-opacity":"","overlay-gradient":""}}},"product_brand":[],"product_cat":[10343],"product_tag":[10374,10379,10663,10573],"class_list":{"0":"post-75548","1":"product","2":"type-product","3":"status-publish","4":"has-post-thumbnail","6":"product_cat-demi-coques","7":"product_tag-abordage","8":"product_tag-boutique","9":"product_tag-liberte-1983","10":"product_tag-modeles-de-bateaux","11":"desktop-align-center","12":"tablet-align-left","13":"mobile-align-left","14":"ast-product-gallery-layout-horizontal-slider","15":"ast-magnify-disabled","16":"ast-product-tabs-layout-accordion","17":"ast-qv-on-image","19":"first","20":"instock","21":"shipping-taxable","22":"purchasable","23":"product-type-simple"},"_links":{"self":[{"href":"https:\/\/abordage.com\/fr\/wp-json\/wp\/v2\/product\/75548","targetHints":{"allow":["GET"]}}],"collection":[{"href":"https:\/\/abordage.com\/fr\/wp-json\/wp\/v2\/product"}],"about":[{"href":"https:\/\/abordage.com\/fr\/wp-json\/wp\/v2\/types\/product"}],"replies":[{"embeddable":true,"href":"https:\/\/abordage.com\/fr\/wp-json\/wp\/v2\/comments?post=75548"}],"version-history":[{"count":0,"href":"https:\/\/abordage.com\/fr\/wp-json\/wp\/v2\/product\/75548\/revisions"}],"wp:featuredmedia":[{"embeddable":true,"href":"https:\/\/abordage.com\/fr\/wp-json\/wp\/v2\/media\/14168"}],"wp:attachment":[{"href":"https:\/\/abordage.com\/fr\/wp-json\/wp\/v2\/media?parent=75548"}],"wp:term":[{"taxonomy":"product_brand","embeddable":true,"href":"https:\/\/abordage.com\/fr\/wp-json\/wp\/v2\/product_brand?post=75548"},{"taxonomy":"product_cat","embeddable":true,"href":"https:\/\/abordage.com\/fr\/wp-json\/wp\/v2\/product_cat?post=75548"},{"taxonomy":"product_tag","embeddable":true,"href":"https:\/\/abordage.com\/fr\/wp-json\/wp\/v2\/product_tag?post=75548"}],"curies":[{"name":"wp","href":"https:\/\/api.w.org\/{rel}","templated":true}]}}