{"id":74110,"date":"2014-02-19T16:49:41","date_gmt":"2014-02-19T16:49:41","guid":{"rendered":"https:\/\/abordage.com\/shop\/senza-categoria\/columbia-1871\/"},"modified":"2026-02-01T16:32:27","modified_gmt":"2026-02-01T20:32:27","slug":"columbia-1871","status":"publish","type":"product","link":"https:\/\/abordage.com\/it\/shop\/boutique\/modelli-di-navi\/barche-dellamericas-cup\/columbia-1871\/","title":{"rendered":"Columbia 1871"},"content":{"rendered":"<p>Il Columbia 1871 \u00e8 una vera e propria opera d&#8217;arte. Costruita con tavole su paratie, viene prodotta in un piccolo lotto di 10 unit\u00e0. Esclusiva costruzione a mano, \u00e8 stata realizzata con le migliori essenze di legno e materiali innovativi. Questo modello di Columbia combina l&#8217;accurata esecuzione di ogni dettaglio con l&#8217;alta qualit\u00e0 dei materiali e dell&#8217;artigianato. Gli accessori del ponte sono incredibili e molto dettagliati. Il modello ha i lati superiori bianchi, la striscia di cala dorata e il fondo in legno tinto e verniciato. Il modello viene fornito con vele in cotone ed \u00e8 pronto per essere esposto.      <\/p>\n<p>La Columbia fu uno dei due yacht che difesero con successo la seconda edizione dell&#8217;America&#8217;s Cup nel 1871 contro lo sfidante inglese Livonia.<\/p>\n<p>Design:La Columbia era una goletta a centro barca in legno progettata e costruita nel 1871 da Joseph B. Van Deusen a Chester, PA, per l&#8217;armatore Franklin Osgood del New York Yacht Club.<\/p>\n<p>Carriera: Comandata da Andrew J. Comstock, la Columbia vinse le prime due regate del 1871 al meglio delle sette contro la Livonia. Fu battuta da Livonia nella terza regata, in cui Columbia, danneggiata dalla seconda regata, era timonata da Horatio Nelson &#8220;Nelse&#8221; Comstock. Fu il primo difensore dell&#8217;America&#8217;s Cup a concedere una vittoria allo sfidante. Poich\u00e9 la Columbia fu ulteriormente danneggiata in questa terza regata, non pot\u00e9 partecipare alle gare finali. Lo yacht Sappho la sostitu\u00ec e vinse l&#8217;America&#8217;s Cup per la seconda volta per gli Stati Uniti. Il Columbia termin\u00f2 la sua carriera agonistica nel 1908, quando fu disalberato e utilizzato come casa galleggiante nel porto di Brooklyn sull&#8217;East River. Tre anni dopo fu ricostruita e navig\u00f2 come incrociatore a Newport News, VA. Nel 1920, la Columbia fu acquistata da un pescatore. Fu dichiarata persa nel 1923.       <\/p>\n<p>Da Wikipedia<\/p>\n","protected":false},"excerpt":{"rendered":"<p><strong>Scopri il nostro nuovo modello di nave Columbia 1871.  <\/strong><\/p>\n<p><strong>  America&#8217;s Cup Defender, progettato da J.B. Deusen.<\/strong><\/p>\n","protected":false},"featured_media":13383,"comment_status":"open","ping_status":"closed","template":"","meta":{"site-sidebar-layout":"default","site-content-layout":"","ast-site-content-layout":"default","site-content-style":"default","site-sidebar-style":"default","ast-global-header-display":"","ast-banner-title-visibility":"","ast-main-header-display":"","ast-hfb-above-header-display":"","ast-hfb-below-header-display":"","ast-hfb-mobile-header-display":"","site-post-title":"","ast-breadcrumbs-content":"","ast-featured-img":"","footer-sml-layout":"","theme-transparent-header-meta":"","adv-header-id-meta":"","stick-header-meta":"","header-above-stick-meta":"","header-main-stick-meta":"","header-below-stick-meta":"","astra-migrate-meta-layouts":"default","ast-page-background-enabled":"default","ast-page-background-meta":{"desktop":{"background-color":"var(--ast-global-color-5)","background-image":"","background-repeat":"repeat","background-position":"center center","background-size":"auto","background-attachment":"scroll","background-type":"","background-media":"","overlay-type":"","overlay-color":"","overlay-opacity":"","overlay-gradient":""},"tablet":{"background-color":"","background-image":"","background-repeat":"repeat","background-position":"center center","background-size":"auto","background-attachment":"scroll","background-type":"","background-media":"","overlay-type":"","overlay-color":"","overlay-opacity":"","overlay-gradient":""},"mobile":{"background-color":"","background-image":"","background-repeat":"repeat","background-position":"center center","background-size":"auto","background-attachment":"scroll","background-type":"","background-media":"","overlay-type":"","overlay-color":"","overlay-opacity":"","overlay-gradient":""}},"ast-content-background-meta":{"desktop":{"background-color":"var(--ast-global-color-4)","background-image":"","background-repeat":"repeat","background-position":"center center","background-size":"auto","background-attachment":"scroll","background-type":"","background-media":"","overlay-type":"","overlay-color":"","overlay-opacity":"","overlay-gradient":""},"tablet":{"background-color":"var(--ast-global-color-4)","background-image":"","background-repeat":"repeat","background-position":"center center","background-size":"auto","background-attachment":"scroll","background-type":"","background-media":"","overlay-type":"","overlay-color":"","overlay-opacity":"","overlay-gradient":""},"mobile":{"background-color":"var(--ast-global-color-4)","background-image":"","background-repeat":"repeat","background-position":"center center","background-size":"auto","background-attachment":"scroll","background-type":"","background-media":"","overlay-type":"","overlay-color":"","overlay-opacity":"","overlay-gradient":""}}},"product_brand":[],"product_cat":[10327],"product_tag":[10369,10388,10387,10439,10428,10429,10430],"class_list":{"0":"post-74110","1":"product","2":"type-product","3":"status-publish","4":"has-post-thumbnail","6":"product_cat-barche-dellamericas-cup","7":"product_tag-abordaggio","8":"product_tag-americascup","9":"product_tag-boutique","10":"product_tag-columbia-1871","11":"product_tag-coppa-damerica","12":"product_tag-coppa-delle-americhe","13":"product_tag-replica","14":"desktop-align-center","15":"tablet-align-left","16":"mobile-align-left","17":"ast-product-gallery-layout-horizontal-slider","18":"ast-magnify-disabled","19":"ast-product-tabs-layout-accordion","20":"ast-qv-on-image","22":"first","23":"instock","24":"shipping-taxable","25":"purchasable","26":"product-type-simple"},"_links":{"self":[{"href":"https:\/\/abordage.com\/it\/wp-json\/wp\/v2\/product\/74110","targetHints":{"allow":["GET"]}}],"collection":[{"href":"https:\/\/abordage.com\/it\/wp-json\/wp\/v2\/product"}],"about":[{"href":"https:\/\/abordage.com\/it\/wp-json\/wp\/v2\/types\/product"}],"replies":[{"embeddable":true,"href":"https:\/\/abordage.com\/it\/wp-json\/wp\/v2\/comments?post=74110"}],"version-history":[{"count":0,"href":"https:\/\/abordage.com\/it\/wp-json\/wp\/v2\/product\/74110\/revisions"}],"wp:featuredmedia":[{"embeddable":true,"href":"https:\/\/abordage.com\/it\/wp-json\/wp\/v2\/media\/13383"}],"wp:attachment":[{"href":"https:\/\/abordage.com\/it\/wp-json\/wp\/v2\/media?parent=74110"}],"wp:term":[{"taxonomy":"product_brand","embeddable":true,"href":"https:\/\/abordage.com\/it\/wp-json\/wp\/v2\/product_brand?post=74110"},{"taxonomy":"product_cat","embeddable":true,"href":"https:\/\/abordage.com\/it\/wp-json\/wp\/v2\/product_cat?post=74110"},{"taxonomy":"product_tag","embeddable":true,"href":"https:\/\/abordage.com\/it\/wp-json\/wp\/v2\/product_tag?post=74110"}],"curies":[{"name":"wp","href":"https:\/\/api.w.org\/{rel}","templated":true}]}}