{"id":74315,"date":"2009-09-07T20:17:06","date_gmt":"2009-09-07T20:17:06","guid":{"rendered":"https:\/\/abordage.com\/shop\/senza-categoria\/tuiga-1909\/"},"modified":"2009-09-07T20:17:06","modified_gmt":"2009-09-08T00:17:06","slug":"tuiga-1909","status":"publish","type":"product","link":"https:\/\/abordage.com\/it\/shop\/boutique\/modelli-di-navi\/yacht-classici\/tuiga-1909\/","title":{"rendered":"Tuiga 1909"},"content":{"rendered":"<p> <span style=\"font-size: larger;\">Pi\u00f9 di novant&#8217;anni di storia hanno accompagnato questo elegante <strong>William Fife<\/strong> 15 metri International Rule nel suo meraviglioso viaggio dal giorno del varo a oggi.  <\/span><\/p>\n<p><span style=\"font-size: larger;\">Ora, grazie alla passione del <strong>Principe Alberto<\/strong> per il mare, <strong>Tuiga<\/strong> sta rivivendo il suo periodo d&#8217;oro, gareggiando sotto la bandiera dello <strong>Yacht Club di Monaco<\/strong>.  <\/span><\/p>\n<p><span style=\"font-size: larger;\">Dopo il suo lancio nel <strong>1909<\/strong>, <strong>Tuiga<\/strong> divenne rapidamente una delle stelle dei grandi raduni e in seguito sub\u00ec una serie di modifiche. Le sue linee eleganti sono opera del genio del design William Fife e furono commissionate dal <strong>Duca spagnolo di Medinacelli<\/strong>.<br \/>Il Duca era molto chiaro su ci\u00f2 che voleva: &#8220;una barca che fosse in grado di competere alla pari con Hispania, l&#8217;imbarcazione del re Alfonso XIII di Spagna&#8221;. E cos\u00ec fu.    <\/span><span style=\"font-size: larger;\">Per oltre quattro anni, le due barche hanno gareggiato in acque spagnole, francesi e inglesi.  <\/span><\/p>\n<p><span style=\"font-size: larger;\">Nel 1913 Tuiga fu venduta e pass\u00f2 da un proprietario all&#8217;altro, ognuno dei quali apport\u00f2 qualche modifica per adattarla meglio alle proprie esigenze. Il primo install\u00f2 l&#8217;elettricit\u00e0 e ridusse la superficie velica del 20% nel 1923. Nel 1934, un altro proprietario di Tuiga le mont\u00f2 un motore Bergius da 35 CV e cambi\u00f2 il piano velico da prua e poppa a Marconi. L&#8217;ultimo atto di idiozia avvenne nel 1970, quando un altro proprietario decise di sbarazzarsi del meraviglioso rake di poppa.   <br \/><\/span><\/p>\n<p><span style=\"font-size: larger;\">Questo segn\u00f2 l&#8217;inizio di un declino che dur\u00f2 fino al 1989, quando fu riscoperta da <strong>Albert Obrist<\/strong>, proprietario di Altair. Tuiga trascorse quattro anni presso il cantiere Fairline Restorations in Inghilterra. Durante questo periodo fu smontata e meticolosamente <strong>ricostruita pezzo per pezzo utilizzando i progetti originali di Fife<\/strong>. Ora \u00e8 stata completamente riportata al suo antico splendore e sta vivendo una nuova magica vita nelle acque del principato con il suo nuovo proprietario, il<strong> Monaco Yacht Club<\/strong>, guidato dal Principe Alberto Grimaldi.   <\/span><\/p>\n","protected":false},"excerpt":{"rendered":"<h4>Modello di nave Tuiga progettato da William Fife nel 1909 e restaurato dallo Yacht Club di Monaco.<\/h4>\n","protected":false},"featured_media":11953,"comment_status":"open","ping_status":"closed","template":"","meta":{"site-sidebar-layout":"default","site-content-layout":"","ast-site-content-layout":"default","site-content-style":"default","site-sidebar-style":"default","ast-global-header-display":"","ast-banner-title-visibility":"","ast-main-header-display":"","ast-hfb-above-header-display":"","ast-hfb-below-header-display":"","ast-hfb-mobile-header-display":"","site-post-title":"","ast-breadcrumbs-content":"","ast-featured-img":"","footer-sml-layout":"","theme-transparent-header-meta":"","adv-header-id-meta":"","stick-header-meta":"","header-above-stick-meta":"","header-main-stick-meta":"","header-below-stick-meta":"","astra-migrate-meta-layouts":"default","ast-page-background-enabled":"default","ast-page-background-meta":{"desktop":{"background-color":"var(--ast-global-color-5)","background-image":"","background-repeat":"repeat","background-position":"center center","background-size":"auto","background-attachment":"scroll","background-type":"","background-media":"","overlay-type":"","overlay-color":"","overlay-opacity":"","overlay-gradient":""},"tablet":{"background-color":"","background-image":"","background-repeat":"repeat","background-position":"center center","background-size":"auto","background-attachment":"scroll","background-type":"","background-media":"","overlay-type":"","overlay-color":"","overlay-opacity":"","overlay-gradient":""},"mobile":{"background-color":"","background-image":"","background-repeat":"repeat","background-position":"center center","background-size":"auto","background-attachment":"scroll","background-type":"","background-media":"","overlay-type":"","overlay-color":"","overlay-opacity":"","overlay-gradient":""}},"ast-content-background-meta":{"desktop":{"background-color":"var(--ast-global-color-4)","background-image":"","background-repeat":"repeat","background-position":"center center","background-size":"auto","background-attachment":"scroll","background-type":"","background-media":"","overlay-type":"","overlay-color":"","overlay-opacity":"","overlay-gradient":""},"tablet":{"background-color":"var(--ast-global-color-4)","background-image":"","background-repeat":"repeat","background-position":"center center","background-size":"auto","background-attachment":"scroll","background-type":"","background-media":"","overlay-type":"","overlay-color":"","overlay-opacity":"","overlay-gradient":""},"mobile":{"background-color":"var(--ast-global-color-4)","background-image":"","background-repeat":"repeat","background-position":"center center","background-size":"auto","background-attachment":"scroll","background-type":"","background-media":"","overlay-type":"","overlay-color":"","overlay-opacity":"","overlay-gradient":""}}},"product_brand":[],"product_cat":[10329],"product_tag":[10369,10387,10462,10440],"class_list":{"0":"post-74315","1":"product","2":"type-product","3":"status-publish","4":"has-post-thumbnail","6":"product_cat-yacht-classici","7":"product_tag-abordaggio","8":"product_tag-boutique","9":"product_tag-tuiga-1909","10":"product_tag-yacht-classico","11":"desktop-align-center","12":"tablet-align-left","13":"mobile-align-left","14":"ast-product-gallery-layout-horizontal-slider","15":"ast-magnify-disabled","16":"ast-product-tabs-layout-accordion","17":"ast-qv-on-image","19":"first","20":"instock","21":"shipping-taxable","22":"purchasable","23":"product-type-simple"},"_links":{"self":[{"href":"https:\/\/abordage.com\/it\/wp-json\/wp\/v2\/product\/74315","targetHints":{"allow":["GET"]}}],"collection":[{"href":"https:\/\/abordage.com\/it\/wp-json\/wp\/v2\/product"}],"about":[{"href":"https:\/\/abordage.com\/it\/wp-json\/wp\/v2\/types\/product"}],"replies":[{"embeddable":true,"href":"https:\/\/abordage.com\/it\/wp-json\/wp\/v2\/comments?post=74315"}],"version-history":[{"count":0,"href":"https:\/\/abordage.com\/it\/wp-json\/wp\/v2\/product\/74315\/revisions"}],"wp:featuredmedia":[{"embeddable":true,"href":"https:\/\/abordage.com\/it\/wp-json\/wp\/v2\/media\/11953"}],"wp:attachment":[{"href":"https:\/\/abordage.com\/it\/wp-json\/wp\/v2\/media?parent=74315"}],"wp:term":[{"taxonomy":"product_brand","embeddable":true,"href":"https:\/\/abordage.com\/it\/wp-json\/wp\/v2\/product_brand?post=74315"},{"taxonomy":"product_cat","embeddable":true,"href":"https:\/\/abordage.com\/it\/wp-json\/wp\/v2\/product_cat?post=74315"},{"taxonomy":"product_tag","embeddable":true,"href":"https:\/\/abordage.com\/it\/wp-json\/wp\/v2\/product_tag?post=74315"}],"curies":[{"name":"wp","href":"https:\/\/api.w.org\/{rel}","templated":true}]}}