{"id":74366,"date":"2009-09-07T19:39:54","date_gmt":"2009-09-07T19:39:54","guid":{"rendered":"https:\/\/abordage.com\/shop\/senza-categoria\/skipjack-1880\/"},"modified":"2009-09-07T19:39:54","modified_gmt":"2009-09-07T23:39:54","slug":"skipjack-1880","status":"publish","type":"product","link":"https:\/\/abordage.com\/it\/shop\/boutique\/modelli-di-navi\/yacht-classici\/skipjack-1880\/","title":{"rendered":"Skipjack 1880"},"content":{"rendered":"<p> <strong> Webster<\/strong> ha definito lo <strong>Skipjack<\/strong> come un <strong>pesce<\/strong> <strong>azzurro<\/strong> o un altro tipo di pesce che salta fuori o gioca sulla superficie dell&#8217;acqua, ma l&#8217;origine della parola applicata alla barca a vela con fondo a V della Baia di Chesapeake non \u00e8 nota. Il nome sembra essere stato associato allo sviluppo delle imbarcazioni con fondo a V in generale. <\/p>\n<p><strong>Lo Skipjack con fondo a V<\/strong> \u00e8 stato sviluppato a partire da skiff e imbarcazioni a fondo piatto nella baia di Chesapeake negli anni &#8217;80 del XIX secolo. Lo sviluppo intensivo di questo tipo di imbarcazione si \u00e8 verificato nei paesi meridionali della costa orientale del Maryland e la baia \u00e8 stata presto considerata la patria del fondo a V. All&#8217;apice della costruzione, intorno al 1910, c&#8217;erano circa 2.000 Skipjack che navigavano nella baia. <\/p>\n<p>Lo <strong>Skipjack<\/strong> si \u00e8 evoluto perch\u00e9 era pi\u00f9 semplice e meno costoso da costruire rispetto a una barca a fondo tondo come una bugeye. La struttura dello scafo della maggior parte degli Skipjack \u00e8 abbastanza tipica, ma dato che non venivano utilizzati piani di costruzione, c&#8217;erano leggere variazioni. Un&#8217;altra caratteristica dello Skipjack, cos\u00ec come di molte altre imbarcazioni a vela della baia, \u00e8 la prua a clipper con il suo lungo gambo tagliato, il bompresso incernierato e le tavole decorative. Lo Skipjack \u00e8 l&#8217;ultima imbarcazione a vela sviluppata sulla baia a scopo commerciale. Sebbene la grande flotta iniziale si sia ridotta a circa 39 imbarcazioni, esse sono ancora in attivit\u00e0 per un buon motivo.    <\/p>\n","protected":false},"excerpt":{"rendered":"<h4><span style=\"font-size:larger;\"><strong>Skipjack ( 1880 ), famoso skiff di Chesapeake.<\/strong><\/span><\/h4>\n","protected":false},"featured_media":11916,"comment_status":"open","ping_status":"closed","template":"","meta":{"site-sidebar-layout":"default","site-content-layout":"","ast-site-content-layout":"default","site-content-style":"default","site-sidebar-style":"default","ast-global-header-display":"","ast-banner-title-visibility":"","ast-main-header-display":"","ast-hfb-above-header-display":"","ast-hfb-below-header-display":"","ast-hfb-mobile-header-display":"","site-post-title":"","ast-breadcrumbs-content":"","ast-featured-img":"","footer-sml-layout":"","theme-transparent-header-meta":"","adv-header-id-meta":"","stick-header-meta":"","header-above-stick-meta":"","header-main-stick-meta":"","header-below-stick-meta":"","astra-migrate-meta-layouts":"default","ast-page-background-enabled":"default","ast-page-background-meta":{"desktop":{"background-color":"var(--ast-global-color-5)","background-image":"","background-repeat":"repeat","background-position":"center center","background-size":"auto","background-attachment":"scroll","background-type":"","background-media":"","overlay-type":"","overlay-color":"","overlay-opacity":"","overlay-gradient":""},"tablet":{"background-color":"","background-image":"","background-repeat":"repeat","background-position":"center center","background-size":"auto","background-attachment":"scroll","background-type":"","background-media":"","overlay-type":"","overlay-color":"","overlay-opacity":"","overlay-gradient":""},"mobile":{"background-color":"","background-image":"","background-repeat":"repeat","background-position":"center center","background-size":"auto","background-attachment":"scroll","background-type":"","background-media":"","overlay-type":"","overlay-color":"","overlay-opacity":"","overlay-gradient":""}},"ast-content-background-meta":{"desktop":{"background-color":"var(--ast-global-color-4)","background-image":"","background-repeat":"repeat","background-position":"center center","background-size":"auto","background-attachment":"scroll","background-type":"","background-media":"","overlay-type":"","overlay-color":"","overlay-opacity":"","overlay-gradient":""},"tablet":{"background-color":"var(--ast-global-color-4)","background-image":"","background-repeat":"repeat","background-position":"center center","background-size":"auto","background-attachment":"scroll","background-type":"","background-media":"","overlay-type":"","overlay-color":"","overlay-opacity":"","overlay-gradient":""},"mobile":{"background-color":"var(--ast-global-color-4)","background-image":"","background-repeat":"repeat","background-position":"center center","background-size":"auto","background-attachment":"scroll","background-type":"","background-media":"","overlay-type":"","overlay-color":"","overlay-opacity":"","overlay-gradient":""}}},"product_brand":[],"product_cat":[10329],"product_tag":[10369,10387,10471,10440],"class_list":{"0":"post-74366","1":"product","2":"type-product","3":"status-publish","4":"has-post-thumbnail","6":"product_cat-yacht-classici","7":"product_tag-abordaggio","8":"product_tag-boutique","9":"product_tag-skipjack-1880","10":"product_tag-yacht-classico","11":"desktop-align-center","12":"tablet-align-left","13":"mobile-align-left","14":"ast-product-gallery-layout-horizontal-slider","15":"ast-magnify-disabled","16":"ast-product-tabs-layout-accordion","17":"ast-qv-on-image","19":"first","20":"instock","21":"shipping-taxable","22":"purchasable","23":"product-type-simple"},"_links":{"self":[{"href":"https:\/\/abordage.com\/it\/wp-json\/wp\/v2\/product\/74366","targetHints":{"allow":["GET"]}}],"collection":[{"href":"https:\/\/abordage.com\/it\/wp-json\/wp\/v2\/product"}],"about":[{"href":"https:\/\/abordage.com\/it\/wp-json\/wp\/v2\/types\/product"}],"replies":[{"embeddable":true,"href":"https:\/\/abordage.com\/it\/wp-json\/wp\/v2\/comments?post=74366"}],"version-history":[{"count":0,"href":"https:\/\/abordage.com\/it\/wp-json\/wp\/v2\/product\/74366\/revisions"}],"wp:featuredmedia":[{"embeddable":true,"href":"https:\/\/abordage.com\/it\/wp-json\/wp\/v2\/media\/11916"}],"wp:attachment":[{"href":"https:\/\/abordage.com\/it\/wp-json\/wp\/v2\/media?parent=74366"}],"wp:term":[{"taxonomy":"product_brand","embeddable":true,"href":"https:\/\/abordage.com\/it\/wp-json\/wp\/v2\/product_brand?post=74366"},{"taxonomy":"product_cat","embeddable":true,"href":"https:\/\/abordage.com\/it\/wp-json\/wp\/v2\/product_cat?post=74366"},{"taxonomy":"product_tag","embeddable":true,"href":"https:\/\/abordage.com\/it\/wp-json\/wp\/v2\/product_tag?post=74366"}],"curies":[{"name":"wp","href":"https:\/\/api.w.org\/{rel}","templated":true}]}}