{"id":74847,"date":"2013-01-24T13:22:08","date_gmt":"2013-01-24T13:22:08","guid":{"rendered":"https:\/\/abordage.com\/shop\/senza-categoria\/galway-hooker\/"},"modified":"2026-02-01T18:00:26","modified_gmt":"2026-02-01T22:00:26","slug":"galway-hooker","status":"publish","type":"product","link":"https:\/\/abordage.com\/it\/shop\/boutique\/modelli-di-navi\/modelli-da-scrivania\/galway-hooker\/","title":{"rendered":"Galway Hooker"},"content":{"rendered":"<p>Abordage \u00e8 orgogliosa di presentarti questo nuovo articolo della serie di modelli da scrivania, il Galway Hooker.<\/p>\n<p>L&#8217;hooker di Galway (in irlandese: b\u00e1d m\u00f3r o h\u00faic\u00e9ir) \u00e8 una barca da pesca tradizionale utilizzata nella baia di Galway, al largo della costa occidentale dell&#8217;Irlanda. L&#8217;hooker \u00e8 stato sviluppato per i forti mari di questa zona. Si identifica per la caratteristica formazione delle vele. Consiste in un singolo albero con una vela principale e due vele di prua. Tradizionalmente, la barca \u00e8 nera (essendo rivestita di pece) e le vele sono di colore rosso-marrone scuro.    <\/p>\n<p>Recentemente c&#8217;\u00e8 stato un grande revival e un rinnovato interesse per l&#8217;hooker di Galway e le barche vengono ancora costruite con cura. Ogni anno si tiene il festival Cruinni\u00fa na mB\u00e1d, durante il quale le barche attraversano la baia di Galway dal Connemara a Kinvara, al confine con la contea di Galway\/Clare. <\/p>\n<div class=\"gmail_default\">Dimensioni del gancio Galway:<\/div>\n<div class=\"gmail_default\">senza la vetrina 11&#8243; L x 3&#8243; W x 9&#8243; H. L x 9,75&#8243; H.<\/div>\n<div class=\"gmail_default\">\n<div>con la vetrina 11,25&#8243; L x 3,25&#8243; L x 10&#8243; H<\/div>\n<\/p><\/div>\n","protected":false},"excerpt":{"rendered":"<h4>La replica di Galway Hooker ha un&#8217;ottima fattura per la scala di costruzione.<\/h4>\n<h4>Viene fornita con una teca protettiva che metter\u00e0 in risalto la tua stanza. Lo scafo \u00e8 nero con strisce bianche e le vele sono del classico colore rosso. <\/h4>\n<div class=\"gmail_default\"><\/div><\/p>\n","protected":false},"featured_media":13299,"comment_status":"open","ping_status":"closed","template":"","meta":{"site-sidebar-layout":"default","site-content-layout":"","ast-site-content-layout":"default","site-content-style":"default","site-sidebar-style":"default","ast-global-header-display":"","ast-banner-title-visibility":"","ast-main-header-display":"","ast-hfb-above-header-display":"","ast-hfb-below-header-display":"","ast-hfb-mobile-header-display":"","site-post-title":"","ast-breadcrumbs-content":"","ast-featured-img":"","footer-sml-layout":"","theme-transparent-header-meta":"","adv-header-id-meta":"","stick-header-meta":"","header-above-stick-meta":"","header-main-stick-meta":"","header-below-stick-meta":"","astra-migrate-meta-layouts":"default","ast-page-background-enabled":"default","ast-page-background-meta":{"desktop":{"background-color":"var(--ast-global-color-5)","background-image":"","background-repeat":"repeat","background-position":"center center","background-size":"auto","background-attachment":"scroll","background-type":"","background-media":"","overlay-type":"","overlay-color":"","overlay-opacity":"","overlay-gradient":""},"tablet":{"background-color":"","background-image":"","background-repeat":"repeat","background-position":"center center","background-size":"auto","background-attachment":"scroll","background-type":"","background-media":"","overlay-type":"","overlay-color":"","overlay-opacity":"","overlay-gradient":""},"mobile":{"background-color":"","background-image":"","background-repeat":"repeat","background-position":"center center","background-size":"auto","background-attachment":"scroll","background-type":"","background-media":"","overlay-type":"","overlay-color":"","overlay-opacity":"","overlay-gradient":""}},"ast-content-background-meta":{"desktop":{"background-color":"var(--ast-global-color-4)","background-image":"","background-repeat":"repeat","background-position":"center center","background-size":"auto","background-attachment":"scroll","background-type":"","background-media":"","overlay-type":"","overlay-color":"","overlay-opacity":"","overlay-gradient":""},"tablet":{"background-color":"var(--ast-global-color-4)","background-image":"","background-repeat":"repeat","background-position":"center center","background-size":"auto","background-attachment":"scroll","background-type":"","background-media":"","overlay-type":"","overlay-color":"","overlay-opacity":"","overlay-gradient":""},"mobile":{"background-color":"var(--ast-global-color-4)","background-image":"","background-repeat":"repeat","background-position":"center center","background-size":"auto","background-attachment":"scroll","background-type":"","background-media":"","overlay-type":"","overlay-color":"","overlay-opacity":"","overlay-gradient":""}}},"product_brand":[],"product_cat":[10332],"product_tag":[10369,10387,10542,10389],"class_list":{"0":"post-74847","1":"product","2":"type-product","3":"status-publish","4":"has-post-thumbnail","6":"product_cat-modelli-da-scrivania","7":"product_tag-abordaggio","8":"product_tag-boutique","9":"product_tag-galway-hooker","10":"product_tag-modello-da-tavolo","11":"desktop-align-center","12":"tablet-align-left","13":"mobile-align-left","14":"ast-product-gallery-layout-horizontal-slider","15":"ast-magnify-disabled","16":"ast-product-tabs-layout-accordion","17":"ast-qv-on-image","19":"first","20":"instock","21":"shipping-taxable","22":"purchasable","23":"product-type-simple"},"_links":{"self":[{"href":"https:\/\/abordage.com\/it\/wp-json\/wp\/v2\/product\/74847","targetHints":{"allow":["GET"]}}],"collection":[{"href":"https:\/\/abordage.com\/it\/wp-json\/wp\/v2\/product"}],"about":[{"href":"https:\/\/abordage.com\/it\/wp-json\/wp\/v2\/types\/product"}],"replies":[{"embeddable":true,"href":"https:\/\/abordage.com\/it\/wp-json\/wp\/v2\/comments?post=74847"}],"version-history":[{"count":0,"href":"https:\/\/abordage.com\/it\/wp-json\/wp\/v2\/product\/74847\/revisions"}],"wp:featuredmedia":[{"embeddable":true,"href":"https:\/\/abordage.com\/it\/wp-json\/wp\/v2\/media\/13299"}],"wp:attachment":[{"href":"https:\/\/abordage.com\/it\/wp-json\/wp\/v2\/media?parent=74847"}],"wp:term":[{"taxonomy":"product_brand","embeddable":true,"href":"https:\/\/abordage.com\/it\/wp-json\/wp\/v2\/product_brand?post=74847"},{"taxonomy":"product_cat","embeddable":true,"href":"https:\/\/abordage.com\/it\/wp-json\/wp\/v2\/product_cat?post=74847"},{"taxonomy":"product_tag","embeddable":true,"href":"https:\/\/abordage.com\/it\/wp-json\/wp\/v2\/product_tag?post=74847"}],"curies":[{"name":"wp","href":"https:\/\/api.w.org\/{rel}","templated":true}]}}