{"id":75124,"date":"2014-02-10T22:16:56","date_gmt":"2014-02-10T22:16:56","guid":{"rendered":"https:\/\/abordage.com\/shop\/senza-categoria\/uss-constitution-1797-2\/"},"modified":"2014-02-10T22:16:56","modified_gmt":"2014-02-11T02:16:56","slug":"uss-constitution-1797-2","status":"publish","type":"product","link":"https:\/\/abordage.com\/it\/shop\/boutique\/medios-cascos-y-medias-modelos\/modelli-di-meta\/uss-constitution-1797-2\/","title":{"rendered":"USS Constitution 1797"},"content":{"rendered":"<p>  Da Wikipedia.<\/p>\n<p>La USS Constitution \u00e8 una fregata pesante a tre alberi con scafo in legno della Marina degli Stati Uniti. Chiamata cos\u00ec dal presidente George Washington in onore della Costituzione degli Stati Uniti d&#8217;America, \u00e8 la pi\u00f9 antica nave da guerra in servizio al mondo. Varata nel 1797, Constitution fu una delle sei fregate originali autorizzate per la costruzione dal Naval Act del 1794 e la terza costruita. Joshua Humphreys progett\u00f2 le fregate per essere le navi capitali della Marina, quindi la Constitution e le sue sorelle erano pi\u00f9 grandi e pi\u00f9 pesantemente armate e costruite rispetto alle fregate standard dell&#8217;epoca. Costruita a Boston, nel Massachusetts, presso il cantiere navale di Edmund Hartt, i suoi primi compiti con la neonata Marina degli Stati Uniti furono quelli di fornire protezione ai mercantili americani durante la Quasi-Guerra con la Francia e di sconfiggere i pirati barbareschi nella Prima Guerra di Barberia.    <\/p>\n<p>La Constitution \u00e8 famosa soprattutto per le sue azioni durante la Guerra del 1812 contro la Gran Bretagna, quando cattur\u00f2 numerose navi mercantili e sconfisse cinque navi da guerra britanniche: HMS Guerriere, Java, Pictou, Cyane e Levant. La battaglia con Guerriere le valse il soprannome di &#8220;Old Ironsides&#8221; e l&#8217;adorazione del pubblico che la salv\u00f2 pi\u00f9 volte dalla rottamazione. Continu\u00f2 a servire come nave ammiraglia negli squadroni del Mediterraneo e dell&#8217;Africa e gir\u00f2 il mondo negli anni &#8217;40 del XIX secolo. Durante la Guerra Civile Americana, serv\u00ec come nave scuola per l&#8217;Accademia Navale degli Stati Uniti. Trasport\u00f2 opere d&#8217;arte e mostre industriali statunitensi all&#8217;Esposizione di Parigi del 1878.    <\/p>\n<p>Ritirata dal servizio attivo nel 1881, la Constitution serv\u00ec come nave ricevitrice fino a quando fu designata nave museo nel 1907. Nel 1934 complet\u00f2 un tour di tre anni in 90 porti della nazione. La Constitution ha navigato con le proprie forze per il suo 200\u00b0 compleanno nel 1997 e di nuovo nell&#8217;agosto 2012, per commemorare il 200\u00b0 anniversario della sua vittoria sulla Guerriere.  <\/p>\n<p>La missione dichiarata della Constitution oggi \u00e8 quella di promuovere la comprensione del ruolo della Marina in guerra e in pace attraverso attivit\u00e0 educative, dimostrazioni storiche e partecipazione attiva a eventi pubblici. In qualit\u00e0 di nave della Marina degli Stati Uniti, il suo equipaggio di 60 ufficiali e marinai partecipa a cerimonie, programmi educativi ed eventi speciali, mantenendo la nave aperta ai visitatori tutto l&#8217;anno e offrendo visite gratuite. Gli ufficiali e l&#8217;equipaggio sono tutti membri attivi della Marina degli Stati Uniti e l&#8217;incarico \u00e8 considerato un servizio speciale per la Marina. Tradizionalmente, il comando della nave \u00e8 affidato a un comandante della Marina. La Constitution \u00e8 ormeggiata al molo 1 dell&#8217;ex Charlestown Navy Yard, all&#8217;estremit\u00e0 del Freedom Trail di Boston.    <\/p>\n","protected":false},"excerpt":{"rendered":"<p>Guarda questo mezzo modello dettagliato della USS Constitution.<\/p>\n<p>Dimensioni dello scafo: 25,5&#8243; L x 6,5&#8243; H<\/p>\n<p>Dimensioni della base in legno: 28&#8243; L x 9&#8243; H<\/p><\/p>\n","protected":false},"featured_media":13380,"comment_status":"open","ping_status":"closed","template":"","meta":{"site-sidebar-layout":"default","site-content-layout":"","ast-site-content-layout":"default","site-content-style":"default","site-sidebar-style":"default","ast-global-header-display":"","ast-banner-title-visibility":"","ast-main-header-display":"","ast-hfb-above-header-display":"","ast-hfb-below-header-display":"","ast-hfb-mobile-header-display":"","site-post-title":"","ast-breadcrumbs-content":"","ast-featured-img":"","footer-sml-layout":"","theme-transparent-header-meta":"","adv-header-id-meta":"","stick-header-meta":"","header-above-stick-meta":"","header-main-stick-meta":"","header-below-stick-meta":"","astra-migrate-meta-layouts":"default","ast-page-background-enabled":"default","ast-page-background-meta":{"desktop":{"background-color":"var(--ast-global-color-5)","background-image":"","background-repeat":"repeat","background-position":"center center","background-size":"auto","background-attachment":"scroll","background-type":"","background-media":"","overlay-type":"","overlay-color":"","overlay-opacity":"","overlay-gradient":""},"tablet":{"background-color":"","background-image":"","background-repeat":"repeat","background-position":"center center","background-size":"auto","background-attachment":"scroll","background-type":"","background-media":"","overlay-type":"","overlay-color":"","overlay-opacity":"","overlay-gradient":""},"mobile":{"background-color":"","background-image":"","background-repeat":"repeat","background-position":"center center","background-size":"auto","background-attachment":"scroll","background-type":"","background-media":"","overlay-type":"","overlay-color":"","overlay-opacity":"","overlay-gradient":""}},"ast-content-background-meta":{"desktop":{"background-color":"var(--ast-global-color-4)","background-image":"","background-repeat":"repeat","background-position":"center center","background-size":"auto","background-attachment":"scroll","background-type":"","background-media":"","overlay-type":"","overlay-color":"","overlay-opacity":"","overlay-gradient":""},"tablet":{"background-color":"var(--ast-global-color-4)","background-image":"","background-repeat":"repeat","background-position":"center center","background-size":"auto","background-attachment":"scroll","background-type":"","background-media":"","overlay-type":"","overlay-color":"","overlay-opacity":"","overlay-gradient":""},"mobile":{"background-color":"var(--ast-global-color-4)","background-image":"","background-repeat":"repeat","background-position":"center center","background-size":"auto","background-attachment":"scroll","background-type":"","background-media":"","overlay-type":"","overlay-color":"","overlay-opacity":"","overlay-gradient":""}}},"product_brand":[],"product_cat":[10347],"product_tag":[10369,10387,10572,10580],"class_list":{"0":"post-75124","1":"product","2":"type-product","3":"status-publish","4":"has-post-thumbnail","6":"product_cat-modelli-di-meta","7":"product_tag-abordaggio","8":"product_tag-boutique","9":"product_tag-modelli-di-barche","10":"product_tag-uss-constitution-1797","11":"desktop-align-center","12":"tablet-align-left","13":"mobile-align-left","14":"ast-product-gallery-layout-horizontal-slider","15":"ast-magnify-disabled","16":"ast-product-tabs-layout-accordion","17":"ast-qv-on-image","19":"first","20":"instock","21":"shipping-taxable","22":"purchasable","23":"product-type-simple"},"_links":{"self":[{"href":"https:\/\/abordage.com\/it\/wp-json\/wp\/v2\/product\/75124","targetHints":{"allow":["GET"]}}],"collection":[{"href":"https:\/\/abordage.com\/it\/wp-json\/wp\/v2\/product"}],"about":[{"href":"https:\/\/abordage.com\/it\/wp-json\/wp\/v2\/types\/product"}],"replies":[{"embeddable":true,"href":"https:\/\/abordage.com\/it\/wp-json\/wp\/v2\/comments?post=75124"}],"version-history":[{"count":0,"href":"https:\/\/abordage.com\/it\/wp-json\/wp\/v2\/product\/75124\/revisions"}],"wp:featuredmedia":[{"embeddable":true,"href":"https:\/\/abordage.com\/it\/wp-json\/wp\/v2\/media\/13380"}],"wp:attachment":[{"href":"https:\/\/abordage.com\/it\/wp-json\/wp\/v2\/media?parent=75124"}],"wp:term":[{"taxonomy":"product_brand","embeddable":true,"href":"https:\/\/abordage.com\/it\/wp-json\/wp\/v2\/product_brand?post=75124"},{"taxonomy":"product_cat","embeddable":true,"href":"https:\/\/abordage.com\/it\/wp-json\/wp\/v2\/product_cat?post=75124"},{"taxonomy":"product_tag","embeddable":true,"href":"https:\/\/abordage.com\/it\/wp-json\/wp\/v2\/product_tag?post=75124"}],"curies":[{"name":"wp","href":"https:\/\/api.w.org\/{rel}","templated":true}]}}